{"id":7886,"date":"2025-07-01T12:51:46","date_gmt":"2025-07-01T10:51:46","guid":{"rendered":"https:\/\/landhotel-altes-zollhaus.com\/?page_id=7886"},"modified":"2026-03-04T20:05:31","modified_gmt":"2026-03-04T19:05:31","slug":"cycling-tours-in-the-ore-mountains","status":"publish","type":"page","link":"https:\/\/landhotel-altes-zollhaus.com\/en\/fahrradtouren-erzgebirge\/","title":{"rendered":"Direkt vom Hotel Zollhaus starten unsere sch\u00f6nsten Rad- &#038; E-Bike-Touren"},"content":{"rendered":"<div data-elementor-type=\"wp-page\" data-elementor-id=\"7886\" class=\"elementor elementor-7886\" data-elementor-post-type=\"page\">\n\t\t\t\t<div class=\"elementor-element elementor-element-76930ad e-con-full e-flex e-con e-parent\" data-id=\"76930ad\" data-element_type=\"container\" data-e-type=\"container\" data-settings=\"{&quot;background_background&quot;:&quot;classic&quot;}\">\n\t\t<div class=\"elementor-element elementor-element-2625231 e-flex e-con-boxed e-con e-child\" data-id=\"2625231\" data-element_type=\"container\" data-e-type=\"container\" data-settings=\"{&quot;animation&quot;:&quot;none&quot;}\">\n\t\t\t\t\t<div class=\"e-con-inner\">\n\t\t\t\t<div class=\"elementor-element elementor-element-4493642 elementor-widget__width-initial elementor-widget elementor-widget-heading\" data-id=\"4493642\" data-element_type=\"widget\" data-e-type=\"widget\" data-widget_type=\"heading.default\">\n\t\t\t\t<div class=\"elementor-widget-container\">\n\t\t\t\t\t<h1 class=\"elementor-heading-title elementor-size-default\">Biken im Erzgebirge<\/h1>\t\t\t\t<\/div>\n\t\t\t\t<\/div>\n\t\t\t\t<div class=\"elementor-element elementor-element-880369d elementor-widget elementor-widget-text-editor\" data-id=\"880369d\" data-element_type=\"widget\" data-e-type=\"widget\" data-widget_type=\"text-editor.default\">\n\t\t\t\t<div class=\"elementor-widget-container\">\n\t\t\t\t\t\t\t\t\t<p>E-Bike &amp; Fahrradverleih &#8211; Biketouren\u200b<\/p>\t\t\t\t\t\t\t\t<\/div>\n\t\t\t\t<\/div>\n\t\t\t\t\t<\/div>\n\t\t\t\t<\/div>\n\t\t\t\t<\/div>\n\t\t<div class=\"elementor-element elementor-element-f142f89 e-con-full e-flex e-con e-parent\" data-id=\"f142f89\" data-element_type=\"container\" data-e-type=\"container\" id=\"reservierung\" data-settings=\"{&quot;background_background&quot;:&quot;classic&quot;}\">\n\t\t<div class=\"elementor-element elementor-element-49dab06 e-con-full e-flex e-con e-child\" data-id=\"49dab06\" data-element_type=\"container\" data-e-type=\"container\">\n\t\t<div class=\"elementor-element elementor-element-8255408 e-con-full e-flex e-con e-child\" data-id=\"8255408\" data-element_type=\"container\" data-e-type=\"container\" data-settings=\"{&quot;background_background&quot;:&quot;classic&quot;}\">\n\t\t\t\t<div class=\"elementor-element elementor-element-dd6967c elementor-widget elementor-widget-text-editor\" data-id=\"dd6967c\" data-element_type=\"widget\" data-e-type=\"widget\" data-widget_type=\"text-editor.default\">\n\t\t\t\t<div class=\"elementor-widget-container\">\n\t\t\t\t\t\t\t\t\t<p>\u00a0Erzgebirges auf zwei R\u00e4dern<\/p>\t\t\t\t\t\t\t\t<\/div>\n\t\t\t\t<\/div>\n\t\t\t\t<div class=\"elementor-element elementor-element-eb8a36d elementor-widget elementor-widget-heading\" data-id=\"eb8a36d\" data-element_type=\"widget\" data-e-type=\"widget\" data-widget_type=\"heading.default\">\n\t\t\t\t<div class=\"elementor-widget-container\">\n\t\t\t\t\t<h2 class=\"elementor-heading-title elementor-size-default\">Perfekt f\u00fcr Aktivurlauber, Naturfreunde und alle, die das Erzgebirge neu entdecken m\u00f6chten\n<\/h2>\t\t\t\t<\/div>\n\t\t\t\t<\/div>\n\t\t\t\t<div class=\"elementor-element elementor-element-d96f140 elementor-widget elementor-widget-text-editor\" data-id=\"d96f140\" data-element_type=\"widget\" data-e-type=\"widget\" data-widget_type=\"text-editor.default\">\n\t\t\t\t<div class=\"elementor-widget-container\">\n\t\t\t\t\t\t\t\t\t<p>Ob sportlich mit dem Mountainbike oder entspannt mit dem E-Bike \u2013 erleben Sie die Natur des Erzgebirges auf zwei R\u00e4dern, direkt ab unserem Hotel am Waldrand.<br \/><br \/>Hier k\u00f6nnen Sie das Bike reservieren. <a href=\"https:\/\/reservierungen.velobrix.de\/\" target=\"_blank\" rel=\"noopener\">Hier klicken<\/a><\/p>\t\t\t\t\t\t\t\t<\/div>\n\t\t\t\t<\/div>\n\t\t\t\t<\/div>\n\t\t<div class=\"elementor-element elementor-element-9cba563 e-con-full e-flex e-con e-child\" data-id=\"9cba563\" data-element_type=\"container\" data-e-type=\"container\" data-settings=\"{&quot;background_background&quot;:&quot;classic&quot;}\">\n\t\t\t\t<div class=\"elementor-element elementor-element-0ed9dd2 elementor-widget elementor-widget-image\" data-id=\"0ed9dd2\" data-element_type=\"widget\" data-e-type=\"widget\" data-widget_type=\"image.default\">\n\t\t\t\t<div class=\"elementor-widget-container\">\n\t\t\t\t\t\t\t\t\t\t\t\t\t\t\t<img fetchpriority=\"high\" decoding=\"async\" width=\"1340\" height=\"700\" src=\"https:\/\/landhotel-altes-zollhaus.com\/wp-content\/uploads\/2025\/06\/bikeverlerleih.jpg\" class=\"attachment-full size-full wp-image-7885\" alt=\"\" srcset=\"https:\/\/landhotel-altes-zollhaus.com\/wp-content\/uploads\/2025\/06\/bikeverlerleih.jpg 1340w, https:\/\/landhotel-altes-zollhaus.com\/wp-content\/uploads\/2025\/06\/bikeverlerleih-300x157.jpg 300w, https:\/\/landhotel-altes-zollhaus.com\/wp-content\/uploads\/2025\/06\/bikeverlerleih-1024x535.jpg 1024w, https:\/\/landhotel-altes-zollhaus.com\/wp-content\/uploads\/2025\/06\/bikeverlerleih-768x401.jpg 768w, https:\/\/landhotel-altes-zollhaus.com\/wp-content\/uploads\/2025\/06\/bikeverlerleih-18x9.jpg 18w\" sizes=\"(max-width: 1340px) 100vw, 1340px\" \/>\t\t\t\t\t\t\t\t\t\t\t\t\t\t\t<\/div>\n\t\t\t\t<\/div>\n\t\t\t\t<\/div>\n\t\t\t\t<\/div>\n\t\t\t\t<\/div>\n\t\t<div class=\"elementor-element elementor-element-c001b6f e-flex e-con-boxed e-con e-parent\" data-id=\"c001b6f\" data-element_type=\"container\" data-e-type=\"container\">\n\t\t\t\t\t<div class=\"e-con-inner\">\n\t\t\t\t<div class=\"elementor-element elementor-element-61b7312 elementor-widget-divider--view-line elementor-widget elementor-widget-divider\" data-id=\"61b7312\" data-element_type=\"widget\" data-e-type=\"widget\" data-widget_type=\"divider.default\">\n\t\t\t\t<div class=\"elementor-widget-container\">\n\t\t\t\t\t\t\t<div class=\"elementor-divider\">\n\t\t\t<span class=\"elementor-divider-separator\">\n\t\t\t\t\t\t<\/span>\n\t\t<\/div>\n\t\t\t\t\t\t<\/div>\n\t\t\t\t<\/div>\n\t\t\t\t\t<\/div>\n\t\t\t\t<\/div>\n\t\t<div class=\"elementor-element elementor-element-8d010ab e-flex e-con-boxed e-con e-parent\" data-id=\"8d010ab\" data-element_type=\"container\" data-e-type=\"container\">\n\t\t\t\t\t<div class=\"e-con-inner\">\n\t\t<div class=\"elementor-element elementor-element-9c9e454 e-con-full e-flex e-con e-child\" data-id=\"9c9e454\" data-element_type=\"container\" data-e-type=\"container\">\n\t\t\t\t<div class=\"elementor-element elementor-element-cdbaa99 elementor-widget elementor-widget-heading\" data-id=\"cdbaa99\" data-element_type=\"widget\" data-e-type=\"widget\" data-widget_type=\"heading.default\">\n\t\t\t\t<div class=\"elementor-widget-container\">\n\t\t\t\t\t<h4 class=\"elementor-heading-title elementor-size-default\">Biken im Erzgebirge<\/h4>\t\t\t\t<\/div>\n\t\t\t\t<\/div>\n\t\t\t\t<div class=\"elementor-element elementor-element-a7d6e7d elementor-widget elementor-widget-text-editor\" data-id=\"a7d6e7d\" data-element_type=\"widget\" data-e-type=\"widget\" data-widget_type=\"text-editor.default\">\n\t\t\t\t<div class=\"elementor-widget-container\">\n\t\t\t\t\t\t\t\t\t<p data-start=\"235\" data-end=\"317\"><strong data-start=\"235\" data-end=\"317\">Gef\u00fchrte Touren, herrliche Ausblicke &amp; E-Bike-Verleih direkt am Hotel Zollhaus<\/strong><\/p><p data-start=\"319\" data-end=\"644\">Erleben Sie das Erzgebirge aktiv \u2013 auf zwei R\u00e4dern, mitten durch duftende W\u00e4lder, vorbei an verborgenen Wasserf\u00e4llen und glitzernden Seen. Unsere gef\u00fchrten Biketouren bieten nicht nur Bewegung und Natur, sondern auch jede Menge \u00dcberraschungen entlang des Weges. Ob sportlich oder entspannt: Hier kommt jeder auf seine Kosten.<\/p><h3 data-start=\"646\" data-end=\"681\"><img decoding=\"async\" class=\"emoji\" role=\"img\" draggable=\"false\" src=\"https:\/\/s.w.org\/images\/core\/emoji\/15.1.0\/svg\/1f6b4-200d-2642-fe0f.svg\" alt=\"\ud83d\udeb4\u200d\u2642\ufe0f\" \/> Gef\u00fchrte Touren mit Udo<\/h3><p data-start=\"682\" data-end=\"1020\">Unsere Touren f\u00fchren \u00fcber 50 bis 65 Kilometer durch das wundersch\u00f6ne Cross-Country-Gebiet des Erzgebirges \u2013 ohne steile Anstiege, daf\u00fcr mit umso mehr Panorama. Udo, unser erfahrener Guide, kennt die Region wie seine eigene Westentasche. Mit seiner ruhigen Art und seinem Wissen \u00fcber die Gegend wird jede Ausfahrt zu einem echten Erlebnis.<\/p><h3 data-start=\"1022\" data-end=\"1051\"><img decoding=\"async\" class=\"emoji\" role=\"img\" draggable=\"false\" src=\"https:\/\/s.w.org\/images\/core\/emoji\/15.1.0\/svg\/1f5d3.svg\" alt=\"\ud83d\uddd3\ufe0f\" \/> Termine &amp; Anmeldung<\/h3><p data-start=\"1052\" data-end=\"1279\">Touren finden von <strong data-start=\"1070\" data-end=\"1092\">Montag bis Freitag<\/strong> statt und k\u00f6nnen mit <strong data-start=\"1114\" data-end=\"1130\">Voranmeldung<\/strong> gebucht werden. Spontane Anfragen vor Ort sind m\u00f6glich \u2013 je nach Verf\u00fcgbarkeit. Um sicher mitzufahren, empfehlen wir eine rechtzeitige Reservierung.<br \/>Kosten f\u00fcr die Touren sind pro Tour und Person 25 Euro.<\/p><h3 data-start=\"1281\" data-end=\"1313\"><img decoding=\"async\" class=\"emoji\" role=\"img\" draggable=\"false\" src=\"https:\/\/s.w.org\/images\/core\/emoji\/15.1.0\/svg\/26a1.svg\" alt=\"\u26a1\" \/> E-Bike- &amp; Fahrradverleih<\/h3><p data-start=\"1314\" data-end=\"1525\">Bitte bringen Sie Ihren eignen Helm mit.<br \/>Kein eigenes Rad? Kein Problem! Wir verleihen hochwertige <strong data-start=\"1372\" data-end=\"1408\">E-Bikes und klassische Fahrr\u00e4der<\/strong> direkt bei uns im Hotel. Nat\u00fcrlich k\u00f6nnen Sie auch Ihr eigenes Bike mitbringen \u2013 ob elektrisch oder muskelbetrieben.<\/p><hr data-start=\"1527\" data-end=\"1530\" \/><h3 data-start=\"1532\" data-end=\"1585\"><img decoding=\"async\" class=\"emoji\" role=\"img\" draggable=\"false\" src=\"https:\/\/s.w.org\/images\/core\/emoji\/15.1.0\/svg\/1f332.svg\" alt=\"\ud83c\udf32\" \/> Ihr Bike-Abenteuer beginnt am Hotel Zollhaus<\/h3><p data-start=\"1586\" data-end=\"1831\">Starten Sie direkt vom Hotel in Ihren aktiven Tag. Das Erzgebirge zeigt sich von seiner besten Seite \u2013 mit gr\u00fcnen T\u00e4lern, dichten W\u00e4ldern und kleinen Naturwundern entlang des Weges. Ob allein, zu zweit oder in der Gruppe: Wir freuen uns auf Sie!<\/p>\t\t\t\t\t\t\t\t<\/div>\n\t\t\t\t<\/div>\n\t\t\t\t<\/div>\n\t\t<div class=\"elementor-element elementor-element-77bed83 e-con-full e-grid e-con e-child\" data-id=\"77bed83\" data-element_type=\"container\" data-e-type=\"container\" data-settings=\"{&quot;background_background&quot;:&quot;classic&quot;}\">\n\t\t\t\t<div class=\"elementor-element elementor-element-12e8238 elementor-widget elementor-widget-image\" data-id=\"12e8238\" data-element_type=\"widget\" data-e-type=\"widget\" data-widget_type=\"image.default\">\n\t\t\t\t<div class=\"elementor-widget-container\">\n\t\t\t\t\t\t\t\t\t\t\t\t\t\t\t<img decoding=\"async\" width=\"800\" height=\"418\" src=\"https:\/\/landhotel-altes-zollhaus.com\/wp-content\/uploads\/2025\/07\/fahrradtouren-erzgebirge-1024x535.jpg\" class=\"attachment-large size-large wp-image-7901\" alt=\"\" srcset=\"https:\/\/landhotel-altes-zollhaus.com\/wp-content\/uploads\/2025\/07\/fahrradtouren-erzgebirge-1024x535.jpg 1024w, https:\/\/landhotel-altes-zollhaus.com\/wp-content\/uploads\/2025\/07\/fahrradtouren-erzgebirge-300x157.jpg 300w, https:\/\/landhotel-altes-zollhaus.com\/wp-content\/uploads\/2025\/07\/fahrradtouren-erzgebirge-768x401.jpg 768w, https:\/\/landhotel-altes-zollhaus.com\/wp-content\/uploads\/2025\/07\/fahrradtouren-erzgebirge-18x9.jpg 18w, https:\/\/landhotel-altes-zollhaus.com\/wp-content\/uploads\/2025\/07\/fahrradtouren-erzgebirge.jpg 1340w\" sizes=\"(max-width: 800px) 100vw, 800px\" \/>\t\t\t\t\t\t\t\t\t\t\t\t\t\t\t<\/div>\n\t\t\t\t<\/div>\n\t\t\t\t<div class=\"elementor-element elementor-element-c4f3572 elementor-widget elementor-widget-image\" data-id=\"c4f3572\" data-element_type=\"widget\" data-e-type=\"widget\" data-widget_type=\"image.default\">\n\t\t\t\t<div class=\"elementor-widget-container\">\n\t\t\t\t\t\t\t\t\t\t\t\t\t\t\t<img decoding=\"async\" width=\"800\" height=\"418\" src=\"https:\/\/landhotel-altes-zollhaus.com\/wp-content\/uploads\/2025\/07\/fahrradtouren-sachsen-1024x535.jpg\" class=\"attachment-large size-large wp-image-7913\" alt=\"\" srcset=\"https:\/\/landhotel-altes-zollhaus.com\/wp-content\/uploads\/2025\/07\/fahrradtouren-sachsen-1024x535.jpg 1024w, https:\/\/landhotel-altes-zollhaus.com\/wp-content\/uploads\/2025\/07\/fahrradtouren-sachsen-300x157.jpg 300w, https:\/\/landhotel-altes-zollhaus.com\/wp-content\/uploads\/2025\/07\/fahrradtouren-sachsen-768x401.jpg 768w, https:\/\/landhotel-altes-zollhaus.com\/wp-content\/uploads\/2025\/07\/fahrradtouren-sachsen-18x9.jpg 18w, https:\/\/landhotel-altes-zollhaus.com\/wp-content\/uploads\/2025\/07\/fahrradtouren-sachsen.jpg 1340w\" sizes=\"(max-width: 800px) 100vw, 800px\" \/>\t\t\t\t\t\t\t\t\t\t\t\t\t\t\t<\/div>\n\t\t\t\t<\/div>\n\t\t\t\t<div class=\"elementor-element elementor-element-408f5c6 elementor-widget elementor-widget-image\" data-id=\"408f5c6\" data-element_type=\"widget\" data-e-type=\"widget\" data-widget_type=\"image.default\">\n\t\t\t\t<div class=\"elementor-widget-container\">\n\t\t\t\t\t\t\t\t\t\t\t\t\t\t\t<img loading=\"lazy\" decoding=\"async\" width=\"800\" height=\"418\" src=\"https:\/\/landhotel-altes-zollhaus.com\/wp-content\/uploads\/2024\/09\/wanderurlaub-1024x535.jpg\" class=\"attachment-large size-large wp-image-5814\" alt=\"\" srcset=\"https:\/\/landhotel-altes-zollhaus.com\/wp-content\/uploads\/2024\/09\/wanderurlaub-1024x535.jpg 1024w, https:\/\/landhotel-altes-zollhaus.com\/wp-content\/uploads\/2024\/09\/wanderurlaub-300x157.jpg 300w, https:\/\/landhotel-altes-zollhaus.com\/wp-content\/uploads\/2024\/09\/wanderurlaub-768x401.jpg 768w, https:\/\/landhotel-altes-zollhaus.com\/wp-content\/uploads\/2024\/09\/wanderurlaub.jpg 1340w\" sizes=\"(max-width: 800px) 100vw, 800px\" \/>\t\t\t\t\t\t\t\t\t\t\t\t\t\t\t<\/div>\n\t\t\t\t<\/div>\n\t\t\t\t<\/div>\n\t\t\t\t\t<\/div>\n\t\t\t\t<\/div>\n\t\t\t\t<\/div>","protected":false},"excerpt":{"rendered":"<p>Biken im Erzgebirge E-Bike &amp; Fahrradverleih &#8211; Biketouren\u200b \u00a0Erzgebirges auf zwei R\u00e4dern Perfekt f\u00fcr Aktivurlauber, Naturfreunde und alle, die das Erzgebirge neu entdecken m\u00f6chten Ob sportlich mit dem Mountainbike oder entspannt mit dem E-Bike \u2013 erleben Sie die Natur des Erzgebirges auf zwei R\u00e4dern, direkt ab unserem Hotel am Waldrand. Hier k\u00f6nnen Sie das Bike [&hellip;]<\/p>\n","protected":false},"author":5,"featured_media":0,"parent":0,"menu_order":0,"comment_status":"closed","ping_status":"closed","template":"","meta":{"_acf_changed":false,"footnotes":""},"class_list":["post-7886","page","type-page","status-publish","hentry"],"acf":[],"_links":{"self":[{"href":"https:\/\/landhotel-altes-zollhaus.com\/en\/wp-json\/wp\/v2\/pages\/7886","targetHints":{"allow":["GET"]}}],"collection":[{"href":"https:\/\/landhotel-altes-zollhaus.com\/en\/wp-json\/wp\/v2\/pages"}],"about":[{"href":"https:\/\/landhotel-altes-zollhaus.com\/en\/wp-json\/wp\/v2\/types\/page"}],"author":[{"embeddable":true,"href":"https:\/\/landhotel-altes-zollhaus.com\/en\/wp-json\/wp\/v2\/users\/5"}],"replies":[{"embeddable":true,"href":"https:\/\/landhotel-altes-zollhaus.com\/en\/wp-json\/wp\/v2\/comments?post=7886"}],"version-history":[{"count":3,"href":"https:\/\/landhotel-altes-zollhaus.com\/en\/wp-json\/wp\/v2\/pages\/7886\/revisions"}],"predecessor-version":[{"id":8715,"href":"https:\/\/landhotel-altes-zollhaus.com\/en\/wp-json\/wp\/v2\/pages\/7886\/revisions\/8715"}],"wp:attachment":[{"href":"https:\/\/landhotel-altes-zollhaus.com\/en\/wp-json\/wp\/v2\/media?parent=7886"}],"curies":[{"name":"wp","href":"https:\/\/api.w.org\/{rel}","templated":true}]}}