{"id":7863,"date":"2025-06-30T14:13:09","date_gmt":"2025-06-30T12:13:09","guid":{"rendered":"https:\/\/landhotel-altes-zollhaus.com\/?page_id=7863"},"modified":"2025-06-30T14:32:40","modified_gmt":"2025-06-30T12:32:40","slug":"e-auto-ladestation-direkt-am-hotel","status":"publish","type":"page","link":"https:\/\/landhotel-altes-zollhaus.com\/en\/e-auto-ladestation-direkt-am-hotel\/","title":{"rendered":"Electric car charging station"},"content":{"rendered":"<div data-elementor-type=\"wp-page\" data-elementor-id=\"7863\" class=\"elementor elementor-7863\" data-elementor-post-type=\"page\">\n\t\t\t\t<div class=\"elementor-element elementor-element-76930ad e-con-full e-flex e-con e-parent\" data-id=\"76930ad\" data-element_type=\"container\" data-e-type=\"container\" data-settings=\"{&quot;background_background&quot;:&quot;classic&quot;}\">\n\t\t\t\t<\/div>\n\t\t<div class=\"elementor-element elementor-element-f142f89 e-con-full e-flex e-con e-parent\" data-id=\"f142f89\" data-element_type=\"container\" data-e-type=\"container\" id=\"reservierung\" data-settings=\"{&quot;background_background&quot;:&quot;classic&quot;}\">\n\t\t<div class=\"elementor-element elementor-element-49dab06 e-con-full e-flex e-con e-child\" data-id=\"49dab06\" data-element_type=\"container\" data-e-type=\"container\">\n\t\t<div class=\"elementor-element elementor-element-8255408 e-con-full e-flex e-con e-child\" data-id=\"8255408\" data-element_type=\"container\" data-e-type=\"container\" data-settings=\"{&quot;background_background&quot;:&quot;classic&quot;}\">\n\t\t\t\t<div class=\"elementor-element elementor-element-dd6967c elementor-widget elementor-widget-text-editor\" data-id=\"dd6967c\" data-element_type=\"widget\" data-e-type=\"widget\" data-widget_type=\"text-editor.default\">\n\t\t\t\t<div class=\"elementor-widget-container\">\n\t\t\t\t\t\t\t\t\t<p>komfortabel laden &amp; entspannt ankommen<\/p>\t\t\t\t\t\t\t\t<\/div>\n\t\t\t\t<\/div>\n\t\t\t\t<div class=\"elementor-element elementor-element-eb8a36d elementor-widget elementor-widget-heading\" data-id=\"eb8a36d\" data-element_type=\"widget\" data-e-type=\"widget\" data-widget_type=\"heading.default\">\n\t\t\t\t<div class=\"elementor-widget-container\">\n\t\t\t\t\t<h2 class=\"elementor-heading-title elementor-size-default\">E-Auto Ladestation<\/h2>\t\t\t\t<\/div>\n\t\t\t\t<\/div>\n\t\t\t\t<div class=\"elementor-element elementor-element-d96f140 elementor-widget elementor-widget-text-editor\" data-id=\"d96f140\" data-element_type=\"widget\" data-e-type=\"widget\" data-widget_type=\"text-editor.default\">\n\t\t\t\t<div class=\"elementor-widget-container\">\n\t\t\t\t\t\t\t\t\t<p>Sie reisen mit dem Elektroauto ins Erzgebirge?<br \/>Kein Problem \u2013 bei uns im Hotel Zollhaus k\u00f6nnen Sie Ihr Fahrzeug ganz bequem direkt vor Ort aufladen.<\/p><p>Unsere moderne E-Auto-Ladestation steht allen Hotelg\u00e4sten zur Verf\u00fcgung \u2013 ganz unkompliziert und rund um die Uhr nutzbar. So starten Sie entspannt in Ihren Aufenthalt und m\u00fcssen sich keine Gedanken um Reichweite oder Ladepunkte machen.<\/p>\t\t\t\t\t\t\t\t<\/div>\n\t\t\t\t<\/div>\n\t\t\t\t<div class=\"elementor-element elementor-element-1c7cb1e elementor-widget-divider--view-line elementor-widget elementor-widget-divider\" data-id=\"1c7cb1e\" data-element_type=\"widget\" data-e-type=\"widget\" data-widget_type=\"divider.default\">\n\t\t\t\t<div class=\"elementor-widget-container\">\n\t\t\t\t\t\t\t<div class=\"elementor-divider\">\n\t\t\t<span class=\"elementor-divider-separator\">\n\t\t\t\t\t\t<\/span>\n\t\t<\/div>\n\t\t\t\t\t\t<\/div>\n\t\t\t\t<\/div>\n\t\t\t\t<div class=\"elementor-element elementor-element-5ffff37 elementor-widget elementor-widget-text-editor\" data-id=\"5ffff37\" data-element_type=\"widget\" data-e-type=\"widget\" data-widget_type=\"text-editor.default\">\n\t\t\t\t<div class=\"elementor-widget-container\">\n\t\t\t\t\t\t\t\t\t<h3>Das bieten wir Ihnen:<\/h3><p><span style=\"text-align: var(--text-align); color: var( --e-global-color-text ); font-family: var( --e-global-typography-text-font-family ), Sans-serif; font-size: var( --e-global-typography-text-font-size ); font-style: var( --e-global-typography-text-font-style ); font-weight: var( --e-global-typography-text-font-weight ); text-transform: var( --e-global-typography-text-text-transform );\">Ladestation direkt am Hotel (Typ 2, 6 kWH)<\/span><\/p><p>Einfache Abrechnung vor Ort \u00dcber die Rezeption<\/p><p>Nutzung f\u00fcr Hotelg\u00e4ste und auf Anfrage auch f\u00fcr externe Besucher<\/p><p>Laden ab 20 Uhr\u00a0<\/p><p>2 Lades\u00e4ulen<\/p>\t\t\t\t\t\t\t\t<\/div>\n\t\t\t\t<\/div>\n\t\t\t\t<div class=\"elementor-element elementor-element-f93e852 elementor-widget-divider--view-line elementor-widget elementor-widget-divider\" data-id=\"f93e852\" data-element_type=\"widget\" data-e-type=\"widget\" data-widget_type=\"divider.default\">\n\t\t\t\t<div class=\"elementor-widget-container\">\n\t\t\t\t\t\t\t<div class=\"elementor-divider\">\n\t\t\t<span class=\"elementor-divider-separator\">\n\t\t\t\t\t\t<\/span>\n\t\t<\/div>\n\t\t\t\t\t\t<\/div>\n\t\t\t\t<\/div>\n\t\t\t\t<\/div>\n\t\t<div class=\"elementor-element elementor-element-9cba563 e-con-full e-flex e-con e-child\" data-id=\"9cba563\" data-element_type=\"container\" data-e-type=\"container\" data-settings=\"{&quot;background_background&quot;:&quot;classic&quot;}\">\n\t\t\t\t<div class=\"elementor-element elementor-element-b9952b4 elementor-widget elementor-widget-image\" data-id=\"b9952b4\" data-element_type=\"widget\" data-e-type=\"widget\" data-widget_type=\"image.default\">\n\t\t\t\t<div class=\"elementor-widget-container\">\n\t\t\t\t\t\t\t\t\t\t\t\t\t\t\t<img fetchpriority=\"high\" decoding=\"async\" width=\"500\" height=\"500\" src=\"https:\/\/landhotel-altes-zollhaus.com\/wp-content\/uploads\/2025\/06\/ladestation-elektroauto.jpg\" class=\"attachment-large size-large wp-image-7862\" alt=\"\" srcset=\"https:\/\/landhotel-altes-zollhaus.com\/wp-content\/uploads\/2025\/06\/ladestation-elektroauto.jpg 500w, https:\/\/landhotel-altes-zollhaus.com\/wp-content\/uploads\/2025\/06\/ladestation-elektroauto-300x300.jpg 300w, https:\/\/landhotel-altes-zollhaus.com\/wp-content\/uploads\/2025\/06\/ladestation-elektroauto-150x150.jpg 150w, https:\/\/landhotel-altes-zollhaus.com\/wp-content\/uploads\/2025\/06\/ladestation-elektroauto-12x12.jpg 12w\" sizes=\"(max-width: 500px) 100vw, 500px\" \/>\t\t\t\t\t\t\t\t\t\t\t\t\t\t\t<\/div>\n\t\t\t\t<\/div>\n\t\t\t\t<\/div>\n\t\t\t\t<\/div>\n\t\t\t\t<\/div>\n\t\t<div class=\"elementor-element elementor-element-ae489e5 e-flex e-con-boxed e-con e-parent\" data-id=\"ae489e5\" data-element_type=\"container\" data-e-type=\"container\">\n\t\t\t\t\t<div class=\"e-con-inner\">\n\t\t<div class=\"elementor-element elementor-element-caaa34c e-con-full e-flex e-con e-child\" data-id=\"caaa34c\" data-element_type=\"container\" data-e-type=\"container\">\n\t\t\t\t<div class=\"elementor-element elementor-element-ce5cd9e elementor-widget elementor-widget-text-editor\" data-id=\"ce5cd9e\" data-element_type=\"widget\" data-e-type=\"widget\" data-widget_type=\"text-editor.default\">\n\t\t\t\t<div class=\"elementor-widget-container\">\n\t\t\t\t\t\t\t\t\t<h3>Nachhaltig reisen \u2013 bewusst genie\u00dfen<\/h3>\t\t\t\t\t\t\t\t<\/div>\n\t\t\t\t<\/div>\n\t\t\t\t<div class=\"elementor-element elementor-element-f61c774 elementor-widget elementor-widget-text-editor\" data-id=\"f61c774\" data-element_type=\"widget\" data-e-type=\"widget\" data-widget_type=\"text-editor.default\">\n\t\t\t\t<div class=\"elementor-widget-container\">\n\t\t\t\t\t\t\t\t\t<p>Gerade im Einklang mit unserem Konzept rund um Natur, Ruhe und Achtsamkeit ist es uns wichtig, auch eine komfortable L\u00f6sung f\u00fcr G\u00e4ste mit Elektrofahrzeugen anzubieten.<\/p><p>Verbinden Sie nachhaltige Mobilit\u00e4t mit echter Erholung \u2013 inmitten der W\u00e4lder des Erzgebirges.<\/p><p>Bei Fragen oder zur Reservierung der Ladestation \u2013 schreiben Sie uns einfach an:<br \/>\ud83d\udce7 info@hotel-zollhaus.com oder sprechen Sie uns direkt vor Ort an.<\/p>\t\t\t\t\t\t\t\t<\/div>\n\t\t\t\t<\/div>\n\t\t\t\t<\/div>\n\t\t\t\t\t<\/div>\n\t\t\t\t<\/div>\n\t\t<div class=\"elementor-element elementor-element-c001b6f e-flex e-con-boxed e-con e-parent\" data-id=\"c001b6f\" data-element_type=\"container\" data-e-type=\"container\">\n\t\t\t\t\t<div class=\"e-con-inner\">\n\t\t\t\t<div class=\"elementor-element elementor-element-61b7312 elementor-widget-divider--view-line elementor-widget elementor-widget-divider\" data-id=\"61b7312\" data-element_type=\"widget\" data-e-type=\"widget\" data-widget_type=\"divider.default\">\n\t\t\t\t<div class=\"elementor-widget-container\">\n\t\t\t\t\t\t\t<div class=\"elementor-divider\">\n\t\t\t<span class=\"elementor-divider-separator\">\n\t\t\t\t\t\t<\/span>\n\t\t<\/div>\n\t\t\t\t\t\t<\/div>\n\t\t\t\t<\/div>\n\t\t\t\t\t<\/div>\n\t\t\t\t<\/div>\n\t\t<div class=\"elementor-element elementor-element-152b0ea e-flex e-con-boxed e-con e-parent\" data-id=\"152b0ea\" data-element_type=\"container\" data-e-type=\"container\">\n\t\t\t\t\t<div class=\"e-con-inner\">\n\t\t\t\t<div class=\"elementor-element elementor-element-84d7e63 elementor-widget elementor-widget-image\" data-id=\"84d7e63\" data-element_type=\"widget\" data-e-type=\"widget\" data-widget_type=\"image.default\">\n\t\t\t\t<div class=\"elementor-widget-container\">\n\t\t\t\t\t\t\t\t\t\t\t\t\t\t\t<img decoding=\"async\" width=\"800\" height=\"418\" src=\"https:\/\/landhotel-altes-zollhaus.com\/wp-content\/uploads\/2025\/06\/e-auto-ladestation-1024x535.jpg\" class=\"attachment-large size-large wp-image-7860\" alt=\"\" srcset=\"https:\/\/landhotel-altes-zollhaus.com\/wp-content\/uploads\/2025\/06\/e-auto-ladestation-1024x535.jpg 1024w, https:\/\/landhotel-altes-zollhaus.com\/wp-content\/uploads\/2025\/06\/e-auto-ladestation-300x157.jpg 300w, https:\/\/landhotel-altes-zollhaus.com\/wp-content\/uploads\/2025\/06\/e-auto-ladestation-768x401.jpg 768w, https:\/\/landhotel-altes-zollhaus.com\/wp-content\/uploads\/2025\/06\/e-auto-ladestation-18x9.jpg 18w, https:\/\/landhotel-altes-zollhaus.com\/wp-content\/uploads\/2025\/06\/e-auto-ladestation.jpg 1340w\" sizes=\"(max-width: 800px) 100vw, 800px\" \/>\t\t\t\t\t\t\t\t\t\t\t\t\t\t\t<\/div>\n\t\t\t\t<\/div>\n\t\t\t\t\t<\/div>\n\t\t\t\t<\/div>\n\t\t\t\t<\/div>","protected":false},"excerpt":{"rendered":"<p>komfortabel laden &amp; entspannt ankommen E-Auto Ladestation Sie reisen mit dem Elektroauto ins Erzgebirge?Kein Problem \u2013 bei uns im Hotel Zollhaus k\u00f6nnen Sie Ihr Fahrzeug ganz bequem direkt vor Ort aufladen. Unsere moderne E-Auto-Ladestation steht allen Hotelg\u00e4sten zur Verf\u00fcgung \u2013 ganz unkompliziert und rund um die Uhr nutzbar. So starten Sie entspannt in Ihren Aufenthalt [&hellip;]<\/p>\n","protected":false},"author":5,"featured_media":0,"parent":0,"menu_order":0,"comment_status":"closed","ping_status":"closed","template":"","meta":{"_acf_changed":false,"footnotes":""},"class_list":["post-7863","page","type-page","status-publish","hentry"],"acf":[],"_links":{"self":[{"href":"https:\/\/landhotel-altes-zollhaus.com\/en\/wp-json\/wp\/v2\/pages\/7863","targetHints":{"allow":["GET"]}}],"collection":[{"href":"https:\/\/landhotel-altes-zollhaus.com\/en\/wp-json\/wp\/v2\/pages"}],"about":[{"href":"https:\/\/landhotel-altes-zollhaus.com\/en\/wp-json\/wp\/v2\/types\/page"}],"author":[{"embeddable":true,"href":"https:\/\/landhotel-altes-zollhaus.com\/en\/wp-json\/wp\/v2\/users\/5"}],"replies":[{"embeddable":true,"href":"https:\/\/landhotel-altes-zollhaus.com\/en\/wp-json\/wp\/v2\/comments?post=7863"}],"version-history":[{"count":0,"href":"https:\/\/landhotel-altes-zollhaus.com\/en\/wp-json\/wp\/v2\/pages\/7863\/revisions"}],"wp:attachment":[{"href":"https:\/\/landhotel-altes-zollhaus.com\/en\/wp-json\/wp\/v2\/media?parent=7863"}],"curies":[{"name":"wp","href":"https:\/\/api.w.org\/{rel}","templated":true}]}}