{"id":4806,"date":"2024-08-23T17:47:14","date_gmt":"2024-08-23T15:47:14","guid":{"rendered":"https:\/\/landhotel-altes-zollhaus.com\/?page_id=4806"},"modified":"2024-10-12T15:03:40","modified_gmt":"2024-10-12T13:03:40","slug":"hiking-in-the-ore-mountains","status":"publish","type":"page","link":"https:\/\/landhotel-altes-zollhaus.com\/en\/wandern-im-erzgebirge\/","title":{"rendered":"Hiking in the Ore Mountains"},"content":{"rendered":"<div data-elementor-type=\"wp-page\" data-elementor-id=\"4806\" class=\"elementor elementor-4806\" data-elementor-post-type=\"page\">\n\t\t\t\t<div class=\"elementor-element elementor-element-76930ad e-con-full e-flex e-con e-parent\" data-id=\"76930ad\" data-element_type=\"container\" data-e-type=\"container\" data-settings=\"{&quot;background_background&quot;:&quot;classic&quot;}\">\n\t\t<div class=\"elementor-element elementor-element-2625231 e-flex e-con-boxed e-con e-child\" data-id=\"2625231\" data-element_type=\"container\" data-e-type=\"container\" data-settings=\"{&quot;animation&quot;:&quot;none&quot;}\">\n\t\t\t\t\t<div class=\"e-con-inner\">\n\t\t\t\t<div class=\"elementor-element elementor-element-4493642 elementor-widget__width-initial elementor-widget elementor-widget-heading\" data-id=\"4493642\" data-element_type=\"widget\" data-e-type=\"widget\" data-widget_type=\"heading.default\">\n\t\t\t\t<div class=\"elementor-widget-container\">\n\t\t\t\t\t<h1 class=\"elementor-heading-title elementor-size-default\">Hiking in the Ore Mountains<\/h1>\t\t\t\t<\/div>\n\t\t\t\t<\/div>\n\t\t\t\t<div class=\"elementor-element elementor-element-880369d elementor-widget elementor-widget-text-editor\" data-id=\"880369d\" data-element_type=\"widget\" data-e-type=\"widget\" data-widget_type=\"text-editor.default\">\n\t\t\t\t<div class=\"elementor-widget-container\">\n\t\t\t\t\t\t\t\t\tThe journey is the destination\n\t\t\t\t\t\t\t\t<\/div>\n\t\t\t\t<\/div>\n\t\t\t\t\t<\/div>\n\t\t\t\t<\/div>\n\t\t\t\t<\/div>\n\t\t<div class=\"elementor-element elementor-element-f91f2cb e-con-full e-flex e-con e-parent\" data-id=\"f91f2cb\" data-element_type=\"container\" data-e-type=\"container\" data-settings=\"{&quot;background_background&quot;:&quot;classic&quot;}\">\n\t\t<div class=\"elementor-element elementor-element-d63cfe1 e-con-full e-flex e-con e-child\" data-id=\"d63cfe1\" data-element_type=\"container\" data-e-type=\"container\">\n\t\t<div class=\"elementor-element elementor-element-2c2c420 e-con-full e-flex e-con e-child\" data-id=\"2c2c420\" data-element_type=\"container\" data-e-type=\"container\" data-settings=\"{&quot;background_background&quot;:&quot;classic&quot;}\">\n\t\t\t\t<div class=\"elementor-element elementor-element-471324c elementor-widget elementor-widget-text-editor\" data-id=\"471324c\" data-element_type=\"widget\" data-e-type=\"widget\" data-widget_type=\"text-editor.default\">\n\t\t\t\t<div class=\"elementor-widget-container\">\n\t\t\t\t\t\t\t\t\tFinding satisfaction in your own self is the highest level of wandering.\n\t\t\t\t\t\t\t\t<\/div>\n\t\t\t\t<\/div>\n\t\t\t\t<div class=\"elementor-element elementor-element-e461c23 elementor-widget elementor-widget-heading\" data-id=\"e461c23\" data-element_type=\"widget\" data-e-type=\"widget\" data-widget_type=\"heading.default\">\n\t\t\t\t<div class=\"elementor-widget-container\">\n\t\t\t\t\t<h4 class=\"elementor-heading-title elementor-size-default\">Simply start hiking from the hotel\n\n<\/h4>\t\t\t\t<\/div>\n\t\t\t\t<\/div>\n\t\t\t\t<div class=\"elementor-element elementor-element-4bfc110 elementor-widget elementor-widget-text-editor\" data-id=\"4bfc110\" data-element_type=\"widget\" data-e-type=\"widget\" data-widget_type=\"text-editor.default\">\n\t\t\t\t<div class=\"elementor-widget-container\">\n\t\t\t\t\t\t\t\t\t<p>Do you love nature and enjoy long walks or hikes? Then you've come to the right place. Get to know and love our beautiful Ore Mountains with its forests, meadows and streams. With our hiking package you have the opportunity to design your hiking holiday individually and enjoy various additional amenities. Make your hiking holiday a very special experience.<\/p>\t\t\t\t\t\t\t\t<\/div>\n\t\t\t\t<\/div>\n\t\t\t\t<\/div>\n\t\t<div class=\"elementor-element elementor-element-3aa8492 e-con-full e-flex e-con e-child\" data-id=\"3aa8492\" data-element_type=\"container\" data-e-type=\"container\" data-settings=\"{&quot;background_background&quot;:&quot;classic&quot;}\">\n\t\t\t\t<div class=\"elementor-element elementor-element-e2aef32 elementor-widget elementor-widget-image\" data-id=\"e2aef32\" data-element_type=\"widget\" data-e-type=\"widget\" data-widget_type=\"image.default\">\n\t\t\t\t<div class=\"elementor-widget-container\">\n\t\t\t\t\t\t\t\t\t\t\t\t\t\t\t<img fetchpriority=\"high\" decoding=\"async\" width=\"1500\" height=\"852\" src=\"https:\/\/landhotel-altes-zollhaus.com\/wp-content\/uploads\/2024\/02\/video-poster-1-1.jpg\" class=\"attachment-full size-full wp-image-1017\" alt=\"\" srcset=\"https:\/\/landhotel-altes-zollhaus.com\/wp-content\/uploads\/2024\/02\/video-poster-1-1.jpg 1500w, https:\/\/landhotel-altes-zollhaus.com\/wp-content\/uploads\/2024\/02\/video-poster-1-1-300x170.jpg 300w, https:\/\/landhotel-altes-zollhaus.com\/wp-content\/uploads\/2024\/02\/video-poster-1-1-1024x582.jpg 1024w, https:\/\/landhotel-altes-zollhaus.com\/wp-content\/uploads\/2024\/02\/video-poster-1-1-768x436.jpg 768w\" sizes=\"(max-width: 1500px) 100vw, 1500px\" \/>\t\t\t\t\t\t\t\t\t\t\t\t\t\t\t<\/div>\n\t\t\t\t<\/div>\n\t\t\t\t<\/div>\n\t\t\t\t<\/div>\n\t\t\t\t<\/div>\n\t\t<div class=\"elementor-element elementor-element-6dbd5af e-flex e-con-boxed e-con e-parent\" data-id=\"6dbd5af\" data-element_type=\"container\" data-e-type=\"container\">\n\t\t\t\t\t<div class=\"e-con-inner\">\n\t\t<div class=\"elementor-element elementor-element-a9e78a5 e-con-full e-flex e-con e-child\" data-id=\"a9e78a5\" data-element_type=\"container\" data-e-type=\"container\">\n\t\t\t\t<div class=\"elementor-element elementor-element-e750c04 elementor-widget elementor-widget-text-editor\" data-id=\"e750c04\" data-element_type=\"widget\" data-e-type=\"widget\" data-widget_type=\"text-editor.default\">\n\t\t\t\t<div class=\"elementor-widget-container\">\n\t\t\t\t\t\t\t\t\tExperience the Ore Mountains\t\t\t\t\t\t\t\t<\/div>\n\t\t\t\t<\/div>\n\t\t\t\t<div class=\"elementor-element elementor-element-4384de1 elementor-widget elementor-widget-heading\" data-id=\"4384de1\" data-element_type=\"widget\" data-e-type=\"widget\" data-widget_type=\"heading.default\">\n\t\t\t\t<div class=\"elementor-widget-container\">\n\t\t\t\t\t<h4 class=\"elementor-heading-title elementor-size-default\">The ridge path in the Ore Mountains\n\n<\/h4>\t\t\t\t<\/div>\n\t\t\t\t<\/div>\n\t\t\t\t<div class=\"elementor-element elementor-element-47b85fc elementor-widget elementor-widget-text-editor\" data-id=\"47b85fc\" data-element_type=\"widget\" data-e-type=\"widget\" data-widget_type=\"text-editor.default\">\n\t\t\t\t<div class=\"elementor-widget-container\">\n\t\t\t\t\t\t\t\t\t<p>This beautiful region in the heart of Europe has developed into a hiker's paradise in recent years. Over 5000 kilometres of hiking trails can be discovered. The rare plants and animals, the rolling hills and the winding valleys are an experience for young and old.<\/p><p>One of the highlights in the Ore Mountains is the Kammweg, which you should definitely not miss, at least one or two stages of the long-distance hiking trail, which is 285 kilometres long in total.<\/p><p><strong>Hiking in the Ore Mountains<\/strong><br \/>This hiking trail has been recognised as a \"Quality Trail\" under Wanderbares Deutschland. It combines everything the Ore Mountains have to offer: Rock formations, rare plants and animals, many museums and evidence of mining.<\/p>\t\t\t\t\t\t\t\t<\/div>\n\t\t\t\t<\/div>\n\t\t\t\t<\/div>\n\t\t<div class=\"elementor-element elementor-element-33869c6 e-con-full e-flex e-con e-child\" data-id=\"33869c6\" data-element_type=\"container\" data-e-type=\"container\" data-settings=\"{&quot;background_background&quot;:&quot;classic&quot;}\">\n\t\t\t\t<div class=\"elementor-element elementor-element-07f948e elementor-widget elementor-widget-image\" data-id=\"07f948e\" data-element_type=\"widget\" data-e-type=\"widget\" data-widget_type=\"image.default\">\n\t\t\t\t<div class=\"elementor-widget-container\">\n\t\t\t\t\t\t\t\t\t\t\t\t\t\t\t\t<a href=\"https:\/\/landhotel-altes-zollhaus.com\/wp-content\/uploads\/2024\/08\/yoga-wandern.jpg\" data-elementor-open-lightbox=\"yes\" data-elementor-lightbox-title=\"yoga-wandern\" data-e-action-hash=\"#elementor-action%3Aaction%3Dlightbox%26settings%3DeyJpZCI6NTM4MCwidXJsIjoiaHR0cHM6XC9cL2xhbmRob3RlbC1hbHRlcy16b2xsaGF1cy5jb21cL3dwLWNvbnRlbnRcL3VwbG9hZHNcLzIwMjRcLzA4XC95b2dhLXdhbmRlcm4uanBnIn0%3D\">\n\t\t\t\t\t\t\t<img decoding=\"async\" width=\"800\" height=\"600\" src=\"https:\/\/landhotel-altes-zollhaus.com\/wp-content\/uploads\/2024\/08\/yoga-wandern.jpg\" class=\"attachment-large size-large wp-image-5380\" alt=\"\" srcset=\"https:\/\/landhotel-altes-zollhaus.com\/wp-content\/uploads\/2024\/08\/yoga-wandern.jpg 1024w, https:\/\/landhotel-altes-zollhaus.com\/wp-content\/uploads\/2024\/08\/yoga-wandern-300x225.jpg 300w, https:\/\/landhotel-altes-zollhaus.com\/wp-content\/uploads\/2024\/08\/yoga-wandern-768x576.jpg 768w\" sizes=\"(max-width: 800px) 100vw, 800px\" \/>\t\t\t\t\t\t\t\t<\/a>\n\t\t\t\t\t\t\t\t\t\t\t\t\t\t\t<\/div>\n\t\t\t\t<\/div>\n\t\t\t\t<\/div>\n\t\t\t\t\t<\/div>\n\t\t\t\t<\/div>\n\t\t<div class=\"elementor-element elementor-element-614f88f e-flex e-con-boxed e-con e-parent\" data-id=\"614f88f\" data-element_type=\"container\" data-e-type=\"container\">\n\t\t\t\t\t<div class=\"e-con-inner\">\n\t\t\t\t<div class=\"elementor-element elementor-element-19fcb4b elementor-widget elementor-widget-text-editor\" data-id=\"19fcb4b\" data-element_type=\"widget\" data-e-type=\"widget\" data-widget_type=\"text-editor.default\">\n\t\t\t\t<div class=\"elementor-widget-container\">\n\t\t\t\t\t\t\t\t\tHike with us!\n\t\t\t\t\t\t\t\t<\/div>\n\t\t\t\t<\/div>\n\t\t\t\t<div class=\"elementor-element elementor-element-e5d2611 elementor-widget elementor-widget-heading\" data-id=\"e5d2611\" data-element_type=\"widget\" data-e-type=\"widget\" data-widget_type=\"heading.default\">\n\t\t\t\t<div class=\"elementor-widget-container\">\n\t\t\t\t\t<h4 class=\"elementor-heading-title elementor-size-default\">Hiking package - Hiking is the miller's delight\n\n\n<\/h4>\t\t\t\t<\/div>\n\t\t\t\t<\/div>\n\t\t\t\t\t<\/div>\n\t\t\t\t<\/div>\n\t\t<div class=\"elementor-element elementor-element-2c6d7bb e-flex e-con-boxed e-con e-parent\" data-id=\"2c6d7bb\" data-element_type=\"container\" data-e-type=\"container\">\n\t\t\t\t\t<div class=\"e-con-inner\">\n\t\t<div class=\"elementor-element elementor-element-bf78464 e-con-full e-flex e-con e-child\" data-id=\"bf78464\" data-element_type=\"container\" data-e-type=\"container\">\n\t\t\t\t<div class=\"elementor-element elementor-element-cb4c39b elementor-widget elementor-widget-text-editor\" data-id=\"cb4c39b\" data-element_type=\"widget\" data-e-type=\"widget\" data-widget_type=\"text-editor.default\">\n\t\t\t\t<div class=\"elementor-widget-container\">\n\t\t\t\t\t\t\t\t\t<ul><li>Hiking package - Hiking is the miller's delight<\/li><li>3 nights in a double room<\/li><li>3 Rich, fresh good-mood breakfast buffet<\/li><li>Daily packed lunch as hiking provisions (not on departure and arrival day)<\/li><li>3x entry to our sauna area (4 different saunas)<\/li><li>1x small hiking map<\/li><li>For solo travellers:<\/li><li>Double room for single use:<\/li><li>289,- EUR<\/li><li>Extra night including breakfast:<\/li><li>89,00 Euro in a double room for 2 persons<\/li><li>80,00 EUR in a double room for single use<\/li><li>Note: Please note that for bridges and public holidays a<br \/>Surcharge of: 35,00 EUR\/night per room will be charged.<\/li><li>Arrival possible on Sundays, Mondays, Tuesdays<\/li><\/ul>\t\t\t\t\t\t\t\t<\/div>\n\t\t\t\t<\/div>\n\t\t\t\t<\/div>\n\t\t<div class=\"elementor-element elementor-element-5275dd8 e-con-full e-flex e-con e-child\" data-id=\"5275dd8\" data-element_type=\"container\" data-e-type=\"container\">\n\t\t\t\t<div class=\"elementor-element elementor-element-152df4d elementor-widget elementor-widget-text-editor\" data-id=\"152df4d\" data-element_type=\"widget\" data-e-type=\"widget\" data-widget_type=\"text-editor.default\">\n\t\t\t\t<div class=\"elementor-widget-container\">\n\t\t\t\t\t\t\t\t\t3 nights - price per person in a double room\t\t\t\t\t\t\t\t<\/div>\n\t\t\t\t<\/div>\n\t\t\t\t<div class=\"elementor-element elementor-element-f3b6ad3 elementor-widget elementor-widget-text-editor\" data-id=\"f3b6ad3\" data-element_type=\"widget\" data-e-type=\"widget\" data-widget_type=\"text-editor.default\">\n\t\t\t\t<div class=\"elementor-widget-container\">\n\t\t\t\t\t\t\t\t\t<p>209 Euro<\/p>\t\t\t\t\t\t\t\t<\/div>\n\t\t\t\t<\/div>\n\t\t\t\t<div class=\"elementor-element elementor-element-12592f3 elementor-widget elementor-widget-text-editor\" data-id=\"12592f3\" data-element_type=\"widget\" data-e-type=\"widget\" data-widget_type=\"text-editor.default\">\n\t\t\t\t<div class=\"elementor-widget-container\">\n\t\t\t\t\t\t\t\t\t<ul class=\"fl-pricing-table-features\" role=\"list\"><li class=\"feature-item-0\" role=\"listitem\"><div class=\"fl-pricing-table-feature-item\"><div class=\"fl-feature-text\">3 x good mood breakfast<\/div><\/div><\/li><li class=\"feature-item-1\" role=\"listitem\"><div class=\"fl-pricing-table-feature-item\"><div class=\"fl-feature-text\">Daily packed lunch<\/div><\/div><\/li><li class=\"feature-item-2\" role=\"listitem\"><div class=\"fl-pricing-table-feature-item\"><div class=\"fl-feature-text\">3 x entrance wellness<\/div><\/div><\/li><li class=\"feature-item-3\" role=\"listitem\"><div class=\"fl-pricing-table-feature-item\"><div class=\"fl-feature-text\">1 x hiking map<\/div><\/div><\/li><\/ul>\t\t\t\t\t\t\t\t<\/div>\n\t\t\t\t<\/div>\n\t\t\t\t<div class=\"elementor-element elementor-element-e00363a elementor-widget-divider--view-line elementor-widget elementor-widget-divider\" data-id=\"e00363a\" data-element_type=\"widget\" data-e-type=\"widget\" data-widget_type=\"divider.default\">\n\t\t\t\t<div class=\"elementor-widget-container\">\n\t\t\t\t\t\t\t<div class=\"elementor-divider\">\n\t\t\t<span class=\"elementor-divider-separator\">\n\t\t\t\t\t\t<\/span>\n\t\t<\/div>\n\t\t\t\t\t\t<\/div>\n\t\t\t\t<\/div>\n\t\t\t\t<div class=\"elementor-element elementor-element-720a475 elementor-align-center elementor-widget-tablet__width-inherit elementor-mobile-align-justify elementor-widget elementor-widget-button\" data-id=\"720a475\" data-element_type=\"widget\" data-e-type=\"widget\" data-widget_type=\"button.default\">\n\t\t\t\t<div class=\"elementor-widget-container\">\n\t\t\t\t\t\t\t\t\t<div class=\"elementor-button-wrapper\">\n\t\t\t\t\t<a class=\"elementor-button elementor-button-link elementor-size-sm\" href=\"https:\/\/v4.ibe.dirs21.de\/channels\/landhotel-altes-zollhauscom?pid=117996#start\" target=\"_blank\">\n\t\t\t\t\t\t<span class=\"elementor-button-content-wrapper\">\n\t\t\t\t\t\t<span class=\"elementor-button-icon\">\n\t\t\t\t<svg aria-hidden=\"true\" class=\"e-font-icon-svg e-far-calendar-alt\" viewbox=\"0 0 448 512\" xmlns=\"http:\/\/www.w3.org\/2000\/svg\"><path d=\"M148 288h-40c-6.6 0-12-5.4-12-12v-40c0-6.6 5.4-12 12-12h40c6.6 0 12 5.4 12 12v40c0 6.6-5.4 12-12 12zm108-12v-40c0-6.6-5.4-12-12-12h-40c-6.6 0-12 5.4-12 12v40c0 6.6 5.4 12 12 12h40c6.6 0 12-5.4 12-12zm96 0v-40c0-6.6-5.4-12-12-12h-40c-6.6 0-12 5.4-12 12v40c0 6.6 5.4 12 12 12h40c6.6 0 12-5.4 12-12zm-96 96v-40c0-6.6-5.4-12-12-12h-40c-6.6 0-12 5.4-12 12v40c0 6.6 5.4 12 12 12h40c6.6 0 12-5.4 12-12zm-96 0v-40c0-6.6-5.4-12-12-12h-40c-6.6 0-12 5.4-12 12v40c0 6.6 5.4 12 12 12h40c6.6 0 12-5.4 12-12zm192 0v-40c0-6.6-5.4-12-12-12h-40c-6.6 0-12 5.4-12 12v40c0 6.6 5.4 12 12 12h40c6.6 0 12-5.4 12-12zm96-260v352c0 26.5-21.5 48-48 48H48c-26.5 0-48-21.5-48-48V112c0-26.5 21.5-48 48-48h48V12c0-6.6 5.4-12 12-12h40c6.6 0 12 5.4 12 12v52h128V12c0-6.6 5.4-12 12-12h40c6.6 0 12 5.4 12 12v52h48c26.5 0 48 21.5 48 48zm-48 346V160H48v298c0 3.3 2.7 6 6 6h340c3.3 0 6-2.7 6-6z\"><\/path><\/svg>\t\t\t<\/span>\n\t\t\t\t\t\t\t\t\t<span class=\"elementor-button-text\">Book now<\/span>\n\t\t\t\t\t<\/span>\n\t\t\t\t\t<\/a>\n\t\t\t\t<\/div>\n\t\t\t\t\t\t\t\t<\/div>\n\t\t\t\t<\/div>\n\t\t\t\t<\/div>\n\t\t\t\t\t<\/div>\n\t\t\t\t<\/div>\n\t\t<div class=\"elementor-element elementor-element-eaaebaa e-con-full e-flex e-con e-parent\" data-id=\"eaaebaa\" data-element_type=\"container\" data-e-type=\"container\" data-settings=\"{&quot;background_background&quot;:&quot;classic&quot;}\">\n\t\t<div class=\"elementor-element elementor-element-3132b90 e-con-full e-flex e-con e-child\" data-id=\"3132b90\" data-element_type=\"container\" data-e-type=\"container\">\n\t\t<div class=\"elementor-element elementor-element-6cfc896 e-con-full e-flex e-con e-child\" data-id=\"6cfc896\" data-element_type=\"container\" data-e-type=\"container\" data-settings=\"{&quot;background_background&quot;:&quot;classic&quot;}\">\n\t\t\t\t<div class=\"elementor-element elementor-element-e75cc57 elementor-widget elementor-widget-text-editor\" data-id=\"e75cc57\" data-element_type=\"widget\" data-e-type=\"widget\" data-widget_type=\"text-editor.default\">\n\t\t\t\t<div class=\"elementor-widget-container\">\n\t\t\t\t\t\t\t\t\tEnjoy hiking\n\t\t\t\t\t\t\t\t<\/div>\n\t\t\t\t<\/div>\n\t\t\t\t<div class=\"elementor-element elementor-element-10b1513 elementor-widget elementor-widget-heading\" data-id=\"10b1513\" data-element_type=\"widget\" data-e-type=\"widget\" data-widget_type=\"heading.default\">\n\t\t\t\t<div class=\"elementor-widget-container\">\n\t\t\t\t\t<h4 class=\"elementor-heading-title elementor-size-default\">Hiking trails in the Ore Mountains\n<\/h4>\t\t\t\t<\/div>\n\t\t\t\t<\/div>\n\t\t\t\t<div class=\"elementor-element elementor-element-9687aac elementor-widget elementor-widget-text-editor\" data-id=\"9687aac\" data-element_type=\"widget\" data-e-type=\"widget\" data-widget_type=\"text-editor.default\">\n\t\t\t\t<div class=\"elementor-widget-container\">\n\t\t\t\t\t\t\t\t\t<p>Von unserem Hotel &#8222;Zollhaus&#8220; aus erstrecken sich die sch\u00f6nsten Wanderrouten ins Umland. Es gibt kurze Wanderstrecken ab 4 Kilometern, aber auch lange Strecken von 18 Kilometern L\u00e4nge. M\u00f6gen Sie es lieber gem\u00fctlich, k\u00f6nnen Sie eine k\u00fcrzere Strecke bevorzugen. Oder m\u00f6chten Sie lieber kraftraubende Wege gehen, so steht Ihnen ein mehrt\u00e4giger Wanderurlaub offen. Der Weg f\u00fchrt Sie durch W\u00e4lder und \u00fcber Wiesen, entlang idyllischer B\u00e4che und kleine Seen. Ihren Weg k\u00f6nnen Sie durch eine einzigartige Naturlandschaft schlagen, die Sie garantiert begeistern wird. Sie finden zahlreiche Rastst\u00e4tten unterwegs, die Ihnen die M\u00f6glichkeit er\u00f6ffnen, den Tag bei einer kleinen Rast oder bei einem Picknick zu genie\u00dfen. Auch die Grenz\u00fcberschreitung zu Tschcechien ist gut m\u00f6glich. Auf dem Weg zur\u00fcck ins Hotel k\u00f6nnen Sie viele neue Eindr\u00fccke mit nach Hause nehmen. Also: Egal ob Anf\u00e4nger oder Profi, ob kurz oder lang, ob leicht oder schwer &#8211; bei uns findet jeder das Richtige.<\/p>\t\t\t\t\t\t\t\t<\/div>\n\t\t\t\t<\/div>\n\t\t\t\t<div class=\"elementor-element elementor-element-65dd395 elementor-widget elementor-widget-button\" data-id=\"65dd395\" data-element_type=\"widget\" data-e-type=\"widget\" data-widget_type=\"button.default\">\n\t\t\t\t<div class=\"elementor-widget-container\">\n\t\t\t\t\t\t\t\t\t<div class=\"elementor-button-wrapper\">\n\t\t\t\t\t<a class=\"elementor-button elementor-button-link elementor-size-sm\" href=\"https:\/\/landhotel-altes-zollhaus.com\/wp-content\/uploads\/2024\/10\/Wanderwege-im-Erzgebirge.pdf\">\n\t\t\t\t\t\t<span class=\"elementor-button-content-wrapper\">\n\t\t\t\t\t\t\t\t\t<span class=\"elementor-button-text\">download hiking trails here<\/span>\n\t\t\t\t\t<\/span>\n\t\t\t\t\t<\/a>\n\t\t\t\t<\/div>\n\t\t\t\t\t\t\t\t<\/div>\n\t\t\t\t<\/div>\n\t\t\t\t<\/div>\n\t\t<div class=\"elementor-element elementor-element-d5e622a e-con-full e-flex e-con e-child\" data-id=\"d5e622a\" data-element_type=\"container\" data-e-type=\"container\" data-settings=\"{&quot;background_background&quot;:&quot;classic&quot;}\">\n\t\t\t\t<div class=\"elementor-element elementor-element-0d3e4a9 elementor-widget elementor-widget-image\" data-id=\"0d3e4a9\" data-element_type=\"widget\" data-e-type=\"widget\" data-widget_type=\"image.default\">\n\t\t\t\t<div class=\"elementor-widget-container\">\n\t\t\t\t\t\t\t\t\t\t\t\t\t\t\t<img decoding=\"async\" width=\"2560\" height=\"1707\" src=\"https:\/\/landhotel-altes-zollhaus.com\/wp-content\/uploads\/2024\/08\/Wandern-Langlauf-Radeln-und-Natur-um-das-Zollhaus-herum-scaled-1.jpg\" class=\"attachment-full size-full wp-image-5053\" alt=\"\" srcset=\"https:\/\/landhotel-altes-zollhaus.com\/wp-content\/uploads\/2024\/08\/Wandern-Langlauf-Radeln-und-Natur-um-das-Zollhaus-herum-scaled-1.jpg 2560w, https:\/\/landhotel-altes-zollhaus.com\/wp-content\/uploads\/2024\/08\/Wandern-Langlauf-Radeln-und-Natur-um-das-Zollhaus-herum-scaled-1-300x200.jpg 300w, https:\/\/landhotel-altes-zollhaus.com\/wp-content\/uploads\/2024\/08\/Wandern-Langlauf-Radeln-und-Natur-um-das-Zollhaus-herum-scaled-1-1024x683.jpg 1024w, https:\/\/landhotel-altes-zollhaus.com\/wp-content\/uploads\/2024\/08\/Wandern-Langlauf-Radeln-und-Natur-um-das-Zollhaus-herum-scaled-1-768x512.jpg 768w, https:\/\/landhotel-altes-zollhaus.com\/wp-content\/uploads\/2024\/08\/Wandern-Langlauf-Radeln-und-Natur-um-das-Zollhaus-herum-scaled-1-1536x1024.jpg 1536w, https:\/\/landhotel-altes-zollhaus.com\/wp-content\/uploads\/2024\/08\/Wandern-Langlauf-Radeln-und-Natur-um-das-Zollhaus-herum-scaled-1-2048x1366.jpg 2048w\" sizes=\"(max-width: 2560px) 100vw, 2560px\" \/>\t\t\t\t\t\t\t\t\t\t\t\t\t\t\t<\/div>\n\t\t\t\t<\/div>\n\t\t\t\t<\/div>\n\t\t\t\t<\/div>\n\t\t\t\t<\/div>\n\t\t<div class=\"elementor-element elementor-element-d4a2a69 e-flex e-con-boxed e-con e-parent\" data-id=\"d4a2a69\" data-element_type=\"container\" data-e-type=\"container\">\n\t\t\t\t\t<div class=\"e-con-inner\">\n\t\t\t\t<div class=\"elementor-element elementor-element-e97b587 elementor-widget elementor-widget-heading\" data-id=\"e97b587\" data-element_type=\"widget\" data-e-type=\"widget\" data-widget_type=\"heading.default\">\n\t\t\t\t<div class=\"elementor-widget-container\">\n\t\t\t\t\t<h2 class=\"elementor-heading-title elementor-size-default\">Hiking trails and tours\n\n\n<\/h2>\t\t\t\t<\/div>\n\t\t\t\t<\/div>\n\t\t\t\t\t<\/div>\n\t\t\t\t<\/div>\n\t\t<div class=\"elementor-element elementor-element-ff3b67d e-flex e-con-boxed e-con e-parent\" data-id=\"ff3b67d\" data-element_type=\"container\" data-e-type=\"container\">\n\t\t\t\t\t<div class=\"e-con-inner\">\n\t\t<div class=\"elementor-element elementor-element-5283a6a e-con-full e-flex e-con e-child\" data-id=\"5283a6a\" data-element_type=\"container\" data-e-type=\"container\">\n\t\t\t\t<div class=\"elementor-element elementor-element-c4fb3dd elementor-widget elementor-widget-html\" data-id=\"c4fb3dd\" data-element_type=\"widget\" data-e-type=\"widget\" data-widget_type=\"html.default\">\n\t\t\t\t<div class=\"elementor-widget-container\">\n\t\t\t\t\t<script type=\"text\/javascript\" src=\"https:\/\/www.outdooractive.com\/de\/embed\/257388466\/js?mw=false&s=m\"><\/script>\t\t\t\t<\/div>\n\t\t\t\t<\/div>\n\t\t\t\t<\/div>\n\t\t\t\t\t<\/div>\n\t\t\t\t<\/div>\n\t\t<div class=\"elementor-element elementor-element-a489d4a e-flex e-con-boxed e-con e-parent\" data-id=\"a489d4a\" data-element_type=\"container\" data-e-type=\"container\">\n\t\t\t\t\t<div class=\"e-con-inner\">\n\t\t<div class=\"elementor-element elementor-element-cf0cd0b e-con-full e-flex e-con e-child\" data-id=\"cf0cd0b\" data-element_type=\"container\" data-e-type=\"container\">\n\t\t\t\t<div class=\"elementor-element elementor-element-f9630f2 elementor-widget elementor-widget-html\" data-id=\"f9630f2\" data-element_type=\"widget\" data-e-type=\"widget\" data-widget_type=\"html.default\">\n\t\t\t\t<div class=\"elementor-widget-container\">\n\t\t\t\t\t<script type=\"text\/javascript\" src=\"https:\/\/www.outdooractive.com\/de\/embed\/257495046\/js?mw=false&s=m\"><\/script>\t\t\t\t<\/div>\n\t\t\t\t<\/div>\n\t\t\t\t<\/div>\n\t\t\t\t\t<\/div>\n\t\t\t\t<\/div>\n\t\t\t\t<\/div>","protected":false},"excerpt":{"rendered":"<p>Wandern im Erzgebirge Der Weg ist das Ziel Gen\u00fcge im eigenen Selbst zu finden, das ist des Wanderns h\u00f6chste Stufe. Einfach vom Hotel los wandern Sie lieben die Natur und genie\u00dfen lange Spazierg\u00e4nge oder Wanderungen? Dann sind Sie bei uns goldrichtig. Lernen Sie unser sch\u00f6nes Erzgebirge mit seinen W\u00e4ldern, Wiesen und B\u00e4chen kennen und lieben. [&hellip;]<\/p>\n","protected":false},"author":5,"featured_media":0,"parent":0,"menu_order":0,"comment_status":"closed","ping_status":"closed","template":"","meta":{"_acf_changed":false,"footnotes":""},"class_list":["post-4806","page","type-page","status-publish","hentry"],"acf":[],"_links":{"self":[{"href":"https:\/\/landhotel-altes-zollhaus.com\/en\/wp-json\/wp\/v2\/pages\/4806","targetHints":{"allow":["GET"]}}],"collection":[{"href":"https:\/\/landhotel-altes-zollhaus.com\/en\/wp-json\/wp\/v2\/pages"}],"about":[{"href":"https:\/\/landhotel-altes-zollhaus.com\/en\/wp-json\/wp\/v2\/types\/page"}],"author":[{"embeddable":true,"href":"https:\/\/landhotel-altes-zollhaus.com\/en\/wp-json\/wp\/v2\/users\/5"}],"replies":[{"embeddable":true,"href":"https:\/\/landhotel-altes-zollhaus.com\/en\/wp-json\/wp\/v2\/comments?post=4806"}],"version-history":[{"count":0,"href":"https:\/\/landhotel-altes-zollhaus.com\/en\/wp-json\/wp\/v2\/pages\/4806\/revisions"}],"wp:attachment":[{"href":"https:\/\/landhotel-altes-zollhaus.com\/en\/wp-json\/wp\/v2\/media?parent=4806"}],"curies":[{"name":"wp","href":"https:\/\/api.w.org\/{rel}","templated":true}]}}