{"id":4122,"date":"2024-08-18T15:09:31","date_gmt":"2024-08-18T13:09:31","guid":{"rendered":"https:\/\/landhotel-altes-zollhaus.com\/?page_id=4122"},"modified":"2024-08-29T15:40:44","modified_gmt":"2024-08-29T13:40:44","slug":"gym","status":"publish","type":"page","link":"https:\/\/landhotel-altes-zollhaus.com\/en\/fitnessstudio\/","title":{"rendered":"Fitness studio"},"content":{"rendered":"<div data-elementor-type=\"wp-page\" data-elementor-id=\"4122\" class=\"elementor elementor-4122\" data-elementor-post-type=\"page\">\n\t\t\t\t<div class=\"elementor-element elementor-element-76930ad e-con-full e-flex e-con e-parent\" data-id=\"76930ad\" data-element_type=\"container\" data-e-type=\"container\" data-settings=\"{&quot;background_background&quot;:&quot;classic&quot;}\">\n\t\t<div class=\"elementor-element elementor-element-2625231 e-flex e-con-boxed e-con e-child\" data-id=\"2625231\" data-element_type=\"container\" data-e-type=\"container\" data-settings=\"{&quot;animation&quot;:&quot;none&quot;}\">\n\t\t\t\t\t<div class=\"e-con-inner\">\n\t\t\t\t<div class=\"elementor-element elementor-element-4493642 elementor-widget__width-initial elementor-widget elementor-widget-heading\" data-id=\"4493642\" data-element_type=\"widget\" data-e-type=\"widget\" data-widget_type=\"heading.default\">\n\t\t\t\t<div class=\"elementor-widget-container\">\n\t\t\t\t\t<h1 class=\"elementor-heading-title elementor-size-default\">Our fitness studio<\/h1>\t\t\t\t<\/div>\n\t\t\t\t<\/div>\n\t\t\t\t<div class=\"elementor-element elementor-element-880369d elementor-widget elementor-widget-text-editor\" data-id=\"880369d\" data-element_type=\"widget\" data-e-type=\"widget\" data-widget_type=\"text-editor.default\">\n\t\t\t\t<div class=\"elementor-widget-container\">\n\t\t\t\t\t\t\t\t\tEasy Line circuit from Technogym\t\t\t\t\t\t\t\t<\/div>\n\t\t\t\t<\/div>\n\t\t\t\t\t<\/div>\n\t\t\t\t<\/div>\n\t\t\t\t<\/div>\n\t\t<div class=\"elementor-element elementor-element-f142f89 e-con-full e-flex e-con e-parent\" data-id=\"f142f89\" data-element_type=\"container\" data-e-type=\"container\" id=\"reservierung\" data-settings=\"{&quot;background_background&quot;:&quot;classic&quot;}\">\n\t\t<div class=\"elementor-element elementor-element-49dab06 e-con-full e-flex e-con e-child\" data-id=\"49dab06\" data-element_type=\"container\" data-e-type=\"container\">\n\t\t<div class=\"elementor-element elementor-element-8255408 e-con-full e-flex e-con e-child\" data-id=\"8255408\" data-element_type=\"container\" data-e-type=\"container\" data-settings=\"{&quot;background_background&quot;:&quot;classic&quot;}\">\n\t\t\t\t<div class=\"elementor-element elementor-element-dd6967c elementor-widget elementor-widget-text-editor\" data-id=\"dd6967c\" data-element_type=\"widget\" data-e-type=\"widget\" data-widget_type=\"text-editor.default\">\n\t\t\t\t<div class=\"elementor-widget-container\">\n\t\t\t\t\t\t\t\t\tVery simple design and operation\t\t\t\t\t\t\t\t<\/div>\n\t\t\t\t<\/div>\n\t\t\t\t<div class=\"elementor-element elementor-element-eb8a36d elementor-widget elementor-widget-heading\" data-id=\"eb8a36d\" data-element_type=\"widget\" data-e-type=\"widget\" data-widget_type=\"heading.default\">\n\t\t\t\t<div class=\"elementor-widget-container\">\n\t\t\t\t\t<h2 class=\"elementor-heading-title elementor-size-default\">Easy Line circuit from Technogym\n<\/h2>\t\t\t\t<\/div>\n\t\t\t\t<\/div>\n\t\t\t\t<div class=\"elementor-element elementor-element-d96f140 elementor-widget elementor-widget-text-editor\" data-id=\"d96f140\" data-element_type=\"widget\" data-e-type=\"widget\" data-widget_type=\"text-editor.default\">\n\t\t\t\t<div class=\"elementor-widget-container\">\n\t\t\t\t\t\t\t\t\t<p>With Easy Line circuit training, you can improve your health and physical fitness in 35 minutes. With a clear conscience.<\/p><p>The Easy Line from Technogym is primarily aimed at people who want to lose weight, improve their health or improve their well-being through their training.<\/p><p>With the Easy Line circuit, you can train muscle strength and endurance at the same time.<br \/>Every muscle group in the body is challenged.<\/p><p>Your Easy Line circuit training offers the perfect workout for strength and metabolic training with plenty of variety and a training duration of just 35 minutes.<\/p><p>Very simple design and operation<br \/>You don't have to make any adjustments to the equipment, just take a seat, start training and find the right speed for your body. You control the difficulty by the speed at which you perform the exercise.<\/p><h3>Utilisation<\/h3><p>For our A<strong>usserhaus guests 5 Euro per training<\/strong>. And only subject to availability.<\/p><p>For <strong>our hotel guests<\/strong> is the use of the Technogym circuit training programme <strong>free of charge<\/strong> available.<\/p>\t\t\t\t\t\t\t\t<\/div>\n\t\t\t\t<\/div>\n\t\t\t\t<\/div>\n\t\t<div class=\"elementor-element elementor-element-9cba563 e-con-full e-flex e-con e-child\" data-id=\"9cba563\" data-element_type=\"container\" data-e-type=\"container\" data-settings=\"{&quot;background_background&quot;:&quot;classic&quot;}\">\n\t\t\t\t<div class=\"elementor-element elementor-element-0ed9dd2 elementor-widget elementor-widget-image\" data-id=\"0ed9dd2\" data-element_type=\"widget\" data-e-type=\"widget\" data-widget_type=\"image.default\">\n\t\t\t\t<div class=\"elementor-widget-container\">\n\t\t\t\t\t\t\t\t\t\t\t\t\t\t\t<img fetchpriority=\"high\" decoding=\"async\" width=\"2048\" height=\"1536\" src=\"https:\/\/landhotel-altes-zollhaus.com\/wp-content\/uploads\/2024\/08\/technogym-zirkel.jpeg\" class=\"attachment-full size-full wp-image-4128\" alt=\"\" srcset=\"https:\/\/landhotel-altes-zollhaus.com\/wp-content\/uploads\/2024\/08\/technogym-zirkel.jpeg 2048w, https:\/\/landhotel-altes-zollhaus.com\/wp-content\/uploads\/2024\/08\/technogym-zirkel-300x225.jpeg 300w, https:\/\/landhotel-altes-zollhaus.com\/wp-content\/uploads\/2024\/08\/technogym-zirkel-1024x768.jpeg 1024w, https:\/\/landhotel-altes-zollhaus.com\/wp-content\/uploads\/2024\/08\/technogym-zirkel-768x576.jpeg 768w, https:\/\/landhotel-altes-zollhaus.com\/wp-content\/uploads\/2024\/08\/technogym-zirkel-1536x1152.jpeg 1536w\" sizes=\"(max-width: 2048px) 100vw, 2048px\" \/>\t\t\t\t\t\t\t\t\t\t\t\t\t\t\t<\/div>\n\t\t\t\t<\/div>\n\t\t\t\t<\/div>\n\t\t\t\t<\/div>\n\t\t\t\t<\/div>\n\t\t<div class=\"elementor-element elementor-element-c001b6f e-flex e-con-boxed e-con e-parent\" data-id=\"c001b6f\" data-element_type=\"container\" data-e-type=\"container\">\n\t\t\t\t\t<div class=\"e-con-inner\">\n\t\t\t\t<div class=\"elementor-element elementor-element-61b7312 elementor-widget-divider--view-line elementor-widget elementor-widget-divider\" data-id=\"61b7312\" data-element_type=\"widget\" data-e-type=\"widget\" data-widget_type=\"divider.default\">\n\t\t\t\t<div class=\"elementor-widget-container\">\n\t\t\t\t\t\t\t<div class=\"elementor-divider\">\n\t\t\t<span class=\"elementor-divider-separator\">\n\t\t\t\t\t\t<\/span>\n\t\t<\/div>\n\t\t\t\t\t\t<\/div>\n\t\t\t\t<\/div>\n\t\t\t\t\t<\/div>\n\t\t\t\t<\/div>\n\t\t<div class=\"elementor-element elementor-element-8d010ab e-flex e-con-boxed e-con e-parent\" data-id=\"8d010ab\" data-element_type=\"container\" data-e-type=\"container\">\n\t\t\t\t\t<div class=\"e-con-inner\">\n\t\t<div class=\"elementor-element elementor-element-9c9e454 e-con-full e-flex e-con e-child\" data-id=\"9c9e454\" data-element_type=\"container\" data-e-type=\"container\">\n\t\t\t\t<div class=\"elementor-element elementor-element-cdbaa99 elementor-widget elementor-widget-heading\" data-id=\"cdbaa99\" data-element_type=\"widget\" data-e-type=\"widget\" data-widget_type=\"heading.default\">\n\t\t\t\t<div class=\"elementor-widget-container\">\n\t\t\t\t\t<h4 class=\"elementor-heading-title elementor-size-default\">8 stations\n\n\n<\/h4>\t\t\t\t<\/div>\n\t\t\t\t<\/div>\n\t\t\t\t<div class=\"elementor-element elementor-element-a7d6e7d elementor-widget elementor-widget-text-editor\" data-id=\"a7d6e7d\" data-element_type=\"widget\" data-e-type=\"widget\" data-widget_type=\"text-editor.default\">\n\t\t\t\t<div class=\"elementor-widget-container\">\n\t\t\t\t\t\t\t\t\t<p>1) Lat pulldown \/ shoulder press<\/p><p>2) Bench press \/ rowing machine<\/p><p>3) Butterfly \/ Butterfly reverse<\/p><p>4) Abs (abdomen) \/ back extensors<\/p><p>5) Leg press \/ standing<\/p><p>6) Squat \/ Angular flexors<\/p><p>7) Leg flexors \/ leg extensors<\/p><p>8) Abductors \/ adductors<\/p><p>9.) *NEW* - Centre wheel machine<\/p><p>\u00a0<\/p>\t\t\t\t\t\t\t\t<\/div>\n\t\t\t\t<\/div>\n\t\t\t\t<\/div>\n\t\t<div class=\"elementor-element elementor-element-77bed83 e-con-full e-flex e-con e-child\" data-id=\"77bed83\" data-element_type=\"container\" data-e-type=\"container\" data-settings=\"{&quot;background_background&quot;:&quot;classic&quot;}\">\n\t\t\t\t<div class=\"elementor-element elementor-element-a96b34f elementor-widget elementor-widget-image\" data-id=\"a96b34f\" data-element_type=\"widget\" data-e-type=\"widget\" data-widget_type=\"image.default\">\n\t\t\t\t<div class=\"elementor-widget-container\">\n\t\t\t\t\t\t\t\t\t\t\t\t\t\t\t\t<a href=\"https:\/\/landhotel-altes-zollhaus.com\/wp-content\/uploads\/2024\/08\/zirkeltraining.jpeg\" data-elementor-open-lightbox=\"yes\" data-elementor-lightbox-title=\"zirkeltraining\" data-e-action-hash=\"#elementor-action%3Aaction%3Dlightbox%26settings%3DeyJpZCI6NDEyOSwidXJsIjoiaHR0cHM6XC9cL2xhbmRob3RlbC1hbHRlcy16b2xsaGF1cy5jb21cL3dwLWNvbnRlbnRcL3VwbG9hZHNcLzIwMjRcLzA4XC96aXJrZWx0cmFpbmluZy5qcGVnIn0%3D\">\n\t\t\t\t\t\t\t<img decoding=\"async\" width=\"800\" height=\"600\" src=\"https:\/\/landhotel-altes-zollhaus.com\/wp-content\/uploads\/2024\/08\/zirkeltraining-1024x768.jpeg\" class=\"attachment-large size-large wp-image-4129\" alt=\"\" srcset=\"https:\/\/landhotel-altes-zollhaus.com\/wp-content\/uploads\/2024\/08\/zirkeltraining-1024x768.jpeg 1024w, https:\/\/landhotel-altes-zollhaus.com\/wp-content\/uploads\/2024\/08\/zirkeltraining-300x225.jpeg 300w, https:\/\/landhotel-altes-zollhaus.com\/wp-content\/uploads\/2024\/08\/zirkeltraining-768x576.jpeg 768w, https:\/\/landhotel-altes-zollhaus.com\/wp-content\/uploads\/2024\/08\/zirkeltraining-1536x1152.jpeg 1536w, https:\/\/landhotel-altes-zollhaus.com\/wp-content\/uploads\/2024\/08\/zirkeltraining.jpeg 2048w\" sizes=\"(max-width: 800px) 100vw, 800px\" \/>\t\t\t\t\t\t\t\t<\/a>\n\t\t\t\t\t\t\t\t\t\t\t\t\t\t\t<\/div>\n\t\t\t\t<\/div>\n\t\t\t\t<\/div>\n\t\t\t\t\t<\/div>\n\t\t\t\t<\/div>\n\t\t\t\t<\/div>","protected":false},"excerpt":{"rendered":"<p>Unser Fitnessstudio Easy Line-Zirkel von TechnogymSehr einfache Ausf\u00fchrung und Bedienung Easy Line-Zirkel von Technogym Mit dem Easy Line Zirkeltraining k\u00f6nnen Sie in 35 Minuten Ihre Gesundheit und k\u00f6rperliche Fitness verbessern. Mit guten Gewissen. Die Easy Line von Technogym richtet sich vor allem an Personen, die durch ihr Training Gewicht verlieren, ihre Gesundheit steigern oder ihr [&hellip;]<\/p>\n","protected":false},"author":5,"featured_media":0,"parent":0,"menu_order":0,"comment_status":"closed","ping_status":"closed","template":"","meta":{"_acf_changed":false,"footnotes":""},"class_list":["post-4122","page","type-page","status-publish","hentry"],"acf":[],"_links":{"self":[{"href":"https:\/\/landhotel-altes-zollhaus.com\/en\/wp-json\/wp\/v2\/pages\/4122","targetHints":{"allow":["GET"]}}],"collection":[{"href":"https:\/\/landhotel-altes-zollhaus.com\/en\/wp-json\/wp\/v2\/pages"}],"about":[{"href":"https:\/\/landhotel-altes-zollhaus.com\/en\/wp-json\/wp\/v2\/types\/page"}],"author":[{"embeddable":true,"href":"https:\/\/landhotel-altes-zollhaus.com\/en\/wp-json\/wp\/v2\/users\/5"}],"replies":[{"embeddable":true,"href":"https:\/\/landhotel-altes-zollhaus.com\/en\/wp-json\/wp\/v2\/comments?post=4122"}],"version-history":[{"count":0,"href":"https:\/\/landhotel-altes-zollhaus.com\/en\/wp-json\/wp\/v2\/pages\/4122\/revisions"}],"wp:attachment":[{"href":"https:\/\/landhotel-altes-zollhaus.com\/en\/wp-json\/wp\/v2\/media?parent=4122"}],"curies":[{"name":"wp","href":"https:\/\/api.w.org\/{rel}","templated":true}]}}