{"id":4065,"date":"2024-08-17T15:56:55","date_gmt":"2024-08-17T13:56:55","guid":{"rendered":"https:\/\/landhotel-altes-zollhaus.com\/?page_id=4065"},"modified":"2024-09-03T17:29:33","modified_gmt":"2024-09-03T15:29:33","slug":"hotel-with-its-own-lake","status":"publish","type":"page","link":"https:\/\/landhotel-altes-zollhaus.com\/en\/hotel-mit-eigenem-badesee\/","title":{"rendered":"Hotel with its own bathing lake"},"content":{"rendered":"<div data-elementor-type=\"wp-page\" data-elementor-id=\"4065\" class=\"elementor elementor-4065\" data-elementor-post-type=\"page\">\n\t\t\t\t<div class=\"elementor-element elementor-element-76930ad e-con-full e-flex e-con e-parent\" data-id=\"76930ad\" data-element_type=\"container\" data-e-type=\"container\" data-settings=\"{&quot;background_background&quot;:&quot;classic&quot;}\">\n\t\t<div class=\"elementor-element elementor-element-2625231 e-flex e-con-boxed e-con e-child\" data-id=\"2625231\" data-element_type=\"container\" data-e-type=\"container\" data-settings=\"{&quot;animation&quot;:&quot;none&quot;}\">\n\t\t\t\t\t<div class=\"e-con-inner\">\n\t\t\t\t<div class=\"elementor-element elementor-element-4493642 elementor-widget__width-initial elementor-widget elementor-widget-heading\" data-id=\"4493642\" data-element_type=\"widget\" data-e-type=\"widget\" data-widget_type=\"heading.default\">\n\t\t\t\t<div class=\"elementor-widget-container\">\n\t\t\t\t\t<h1 class=\"elementor-heading-title elementor-size-default\">Our bathing lakes\n\n<\/h1>\t\t\t\t<\/div>\n\t\t\t\t<\/div>\n\t\t\t\t<div class=\"elementor-element elementor-element-880369d elementor-widget elementor-widget-text-editor\" data-id=\"880369d\" data-element_type=\"widget\" data-e-type=\"widget\" data-widget_type=\"text-editor.default\">\n\t\t\t\t<div class=\"elementor-widget-container\">\n\t\t\t\t\t\t\t\t\tA wellness holiday for your soul\n\t\t\t\t\t\t\t\t<\/div>\n\t\t\t\t<\/div>\n\t\t\t\t\t<\/div>\n\t\t\t\t<\/div>\n\t\t\t\t<\/div>\n\t\t<div class=\"elementor-element elementor-element-f142f89 e-con-full e-flex e-con e-parent\" data-id=\"f142f89\" data-element_type=\"container\" data-e-type=\"container\" id=\"reservierung\" data-settings=\"{&quot;background_background&quot;:&quot;classic&quot;}\">\n\t\t<div class=\"elementor-element elementor-element-49dab06 e-con-full e-flex e-con e-child\" data-id=\"49dab06\" data-element_type=\"container\" data-e-type=\"container\">\n\t\t<div class=\"elementor-element elementor-element-8255408 e-con-full e-flex e-con e-child\" data-id=\"8255408\" data-element_type=\"container\" data-e-type=\"container\" data-settings=\"{&quot;background_background&quot;:&quot;classic&quot;}\">\n\t\t\t\t<div class=\"elementor-element elementor-element-d96f140 elementor-widget elementor-widget-text-editor\" data-id=\"d96f140\" data-element_type=\"widget\" data-e-type=\"widget\" data-widget_type=\"text-editor.default\">\n\t\t\t\t<div class=\"elementor-widget-container\">\n\t\t\t\t\t\t\t\t\tThere are now 2 bathing lakes. In summer and winter, swimming enthusiasts now have the opportunity to use the Waldsee... during their hotel stay to swim laps, as part of a sauna visit or as a group to organise a swimming training camp.\n\nBut you have several options for swimming, only 2.5 km from here in Hermsdorf is a beautiful natural swimming pool, right next to the town hall. Or go to Holzhau to the beautiful natural swimming lake.\t\t\t\t\t\t\t\t<\/div>\n\t\t\t\t<\/div>\n\t\t\t\t<\/div>\n\t\t<div class=\"elementor-element elementor-element-9cba563 e-con-full e-flex e-con e-child\" data-id=\"9cba563\" data-element_type=\"container\" data-e-type=\"container\" data-settings=\"{&quot;background_background&quot;:&quot;classic&quot;}\">\n\t\t\t\t<div class=\"elementor-element elementor-element-0ed9dd2 elementor-widget elementor-widget-image\" data-id=\"0ed9dd2\" data-element_type=\"widget\" data-e-type=\"widget\" data-widget_type=\"image.default\">\n\t\t\t\t<div class=\"elementor-widget-container\">\n\t\t\t\t\t\t\t\t\t\t\t\t\t\t\t<img fetchpriority=\"high\" decoding=\"async\" width=\"2560\" height=\"1920\" src=\"https:\/\/landhotel-altes-zollhaus.com\/wp-content\/uploads\/2024\/08\/Zollhaussee-scaled-1.jpg\" class=\"attachment-full size-full wp-image-4067\" alt=\"\" srcset=\"https:\/\/landhotel-altes-zollhaus.com\/wp-content\/uploads\/2024\/08\/Zollhaussee-scaled-1.jpg 2560w, https:\/\/landhotel-altes-zollhaus.com\/wp-content\/uploads\/2024\/08\/Zollhaussee-scaled-1-300x225.jpg 300w, https:\/\/landhotel-altes-zollhaus.com\/wp-content\/uploads\/2024\/08\/Zollhaussee-scaled-1-1024x768.jpg 1024w, https:\/\/landhotel-altes-zollhaus.com\/wp-content\/uploads\/2024\/08\/Zollhaussee-scaled-1-768x576.jpg 768w, https:\/\/landhotel-altes-zollhaus.com\/wp-content\/uploads\/2024\/08\/Zollhaussee-scaled-1-1536x1152.jpg 1536w, https:\/\/landhotel-altes-zollhaus.com\/wp-content\/uploads\/2024\/08\/Zollhaussee-scaled-1-2048x1536.jpg 2048w\" sizes=\"(max-width: 2560px) 100vw, 2560px\" \/>\t\t\t\t\t\t\t\t\t\t\t\t\t\t\t<\/div>\n\t\t\t\t<\/div>\n\t\t\t\t<\/div>\n\t\t\t\t<\/div>\n\t\t\t\t<\/div>\n\t\t<div class=\"elementor-element elementor-element-d497f56 e-flex e-con-boxed e-con e-parent\" data-id=\"d497f56\" data-element_type=\"container\" data-e-type=\"container\">\n\t\t\t\t\t<div class=\"e-con-inner\">\n\t\t<div class=\"elementor-element elementor-element-8d444bc e-con-full e-flex e-con e-child\" data-id=\"8d444bc\" data-element_type=\"container\" data-e-type=\"container\" data-settings=\"{&quot;background_background&quot;:&quot;classic&quot;}\">\n\t\t\t\t<div class=\"elementor-element elementor-element-095b091 elementor-widget elementor-widget-heading\" data-id=\"095b091\" data-element_type=\"widget\" data-e-type=\"widget\" data-widget_type=\"heading.default\">\n\t\t\t\t<div class=\"elementor-widget-container\">\n\t\t\t\t\t<h6 class=\"elementor-heading-title elementor-size-default\">Ideal training pool\n<\/h6>\t\t\t\t<\/div>\n\t\t\t\t<\/div>\n\t\t\t\t<div class=\"elementor-element elementor-element-cf9c1a3 elementor-widget elementor-widget-text-editor\" data-id=\"cf9c1a3\" data-element_type=\"widget\" data-e-type=\"widget\" data-widget_type=\"text-editor.default\">\n\t\t\t\t<div class=\"elementor-widget-container\">\n\t\t\t\t\t\t\t\t\tSpecially prepared for ice swimming, the lake, which is 35 metres long and 20 metres wide and has three 25-metre lanes, can not only be used for future ice swimming competitions, but is now also available to our hotel guests free of charge.\n\n\t\t\t\t\t\t\t\t<\/div>\n\t\t\t\t<\/div>\n\t\t\t\t<\/div>\n\t\t<div class=\"elementor-element elementor-element-af1e11e e-con-full e-flex e-con e-child\" data-id=\"af1e11e\" data-element_type=\"container\" data-e-type=\"container\" data-settings=\"{&quot;background_background&quot;:&quot;classic&quot;}\">\n\t\t\t\t<div class=\"elementor-element elementor-element-36fa7ea elementor-widget elementor-widget-heading\" data-id=\"36fa7ea\" data-element_type=\"widget\" data-e-type=\"widget\" data-widget_type=\"heading.default\">\n\t\t\t\t<div class=\"elementor-widget-container\">\n\t\t\t\t\t<h6 class=\"elementor-heading-title elementor-size-default\">First ice swimming event\n\n<\/h6>\t\t\t\t<\/div>\n\t\t\t\t<\/div>\n\t\t\t\t<div class=\"elementor-element elementor-element-0be7280 elementor-widget elementor-widget-text-editor\" data-id=\"0be7280\" data-element_type=\"widget\" data-e-type=\"widget\" data-widget_type=\"text-editor.default\">\n\t\t\t\t<div class=\"elementor-widget-container\">\n\t\t\t\t\t\t\t\t\tThe Zollhaus Open - our first ever ice swimming event - ended with a great response from participants, guests and the press and has enriched the hotel with its own swimming lake.\n\n\t\t\t\t\t\t\t\t<\/div>\n\t\t\t\t<\/div>\n\t\t\t\t<\/div>\n\t\t\t\t\t<\/div>\n\t\t\t\t<\/div>\n\t\t<div class=\"elementor-element elementor-element-edcab15 e-flex e-con-boxed e-con e-parent\" data-id=\"edcab15\" data-element_type=\"container\" data-e-type=\"container\">\n\t\t\t\t\t<div class=\"e-con-inner\">\n\t\t<div class=\"elementor-element elementor-element-41d911b e-con-full e-flex e-con e-child\" data-id=\"41d911b\" data-element_type=\"container\" data-e-type=\"container\" data-settings=\"{&quot;background_background&quot;:&quot;classic&quot;}\">\n\t\t\t\t<div class=\"elementor-element elementor-element-ba8afa2 elementor-widget elementor-widget-heading\" data-id=\"ba8afa2\" data-element_type=\"widget\" data-e-type=\"widget\" data-widget_type=\"heading.default\">\n\t\t\t\t<div class=\"elementor-widget-container\">\n\t\t\t\t\t<h6 class=\"elementor-heading-title elementor-size-default\">Summer and winter - 25 m pool, 3 lanes\n\n\n<\/h6>\t\t\t\t<\/div>\n\t\t\t\t<\/div>\n\t\t\t\t<div class=\"elementor-element elementor-element-d8eac04 elementor-widget elementor-widget-text-editor\" data-id=\"d8eac04\" data-element_type=\"widget\" data-e-type=\"widget\" data-widget_type=\"text-editor.default\">\n\t\t\t\t<div class=\"elementor-widget-container\">\n\t\t\t\t\t\t\t\t\tBoth in summer and winter, swimming enthusiasts now have the opportunity to use the Waldsee... during their hotel stay to swim laps, as part of a sauna visit or as a group to organise a swimming training camp.\n\n\t\t\t\t\t\t\t\t<\/div>\n\t\t\t\t<\/div>\n\t\t\t\t<\/div>\n\t\t<div class=\"elementor-element elementor-element-1ac3d2f e-con-full e-flex e-con e-child\" data-id=\"1ac3d2f\" data-element_type=\"container\" data-e-type=\"container\" data-settings=\"{&quot;background_background&quot;:&quot;classic&quot;}\">\n\t\t\t\t<div class=\"elementor-element elementor-element-5aa5ef3 elementor-widget elementor-widget-heading\" data-id=\"5aa5ef3\" data-element_type=\"widget\" data-e-type=\"widget\" data-widget_type=\"heading.default\">\n\t\t\t\t<div class=\"elementor-widget-container\">\n\t\t\t\t\t<h6 class=\"elementor-heading-title elementor-size-default\">Water depth from 1 m to 2.20 m\n\n\n\n<\/h6>\t\t\t\t<\/div>\n\t\t\t\t<\/div>\n\t\t\t\t<div class=\"elementor-element elementor-element-7aa5dc7 elementor-widget elementor-widget-text-editor\" data-id=\"7aa5dc7\" data-element_type=\"widget\" data-e-type=\"widget\" data-widget_type=\"text-editor.default\">\n\t\t\t\t<div class=\"elementor-widget-container\">\n\t\t\t\t\t\t\t\t\tThe lake now has a ladder where you can easily get in and out and with a water depth of 1 m to 2.20 m in the deep areas, there is nothing to stop you from enjoying your swim. The only thing you will have to do without is the starting jumps due to the different depths. So be careful - please don't jump in!\n\n\t\t\t\t\t\t\t\t<\/div>\n\t\t\t\t<\/div>\n\t\t\t\t<\/div>\n\t\t\t\t\t<\/div>\n\t\t\t\t<\/div>\n\t\t<div class=\"elementor-element elementor-element-784f9de e-flex e-con-boxed e-con e-parent\" data-id=\"784f9de\" data-element_type=\"container\" data-e-type=\"container\">\n\t\t\t\t\t<div class=\"e-con-inner\">\n\t\t<div class=\"elementor-element elementor-element-5004b85 e-con-full e-flex e-con e-child\" data-id=\"5004b85\" data-element_type=\"container\" data-e-type=\"container\" data-settings=\"{&quot;background_background&quot;:&quot;classic&quot;}\">\n\t\t\t\t<div class=\"elementor-element elementor-element-c5dd55d elementor-widget elementor-widget-heading\" data-id=\"c5dd55d\" data-element_type=\"widget\" data-e-type=\"widget\" data-widget_type=\"heading.default\">\n\t\t\t\t<div class=\"elementor-widget-container\">\n\t\t\t\t\t<h6 class=\"elementor-heading-title elementor-size-default\">Only 180 metres from the customs house\n\n\n\n\n<\/h6>\t\t\t\t<\/div>\n\t\t\t\t<\/div>\n\t\t\t\t<div class=\"elementor-element elementor-element-bf90205 elementor-widget elementor-widget-text-editor\" data-id=\"bf90205\" data-element_type=\"widget\" data-e-type=\"widget\" data-widget_type=\"text-editor.default\">\n\t\t\t\t<div class=\"elementor-widget-container\">\n\t\t\t\t\t\t\t\t\tThe very idyllic natural lake... just 180 metres from the Zollhaus on our hotel grounds - is surrounded by forest and is fed by rainwater from the large meadow.\n\n\t\t\t\t\t\t\t\t<\/div>\n\t\t\t\t<\/div>\n\t\t\t\t<\/div>\n\t\t<div class=\"elementor-element elementor-element-4d598e6 e-con-full e-flex e-con e-child\" data-id=\"4d598e6\" data-element_type=\"container\" data-e-type=\"container\" data-settings=\"{&quot;background_background&quot;:&quot;classic&quot;}\">\n\t\t\t\t<div class=\"elementor-element elementor-element-e18c742 elementor-widget elementor-widget-heading\" data-id=\"e18c742\" data-element_type=\"widget\" data-e-type=\"widget\" data-widget_type=\"heading.default\">\n\t\t\t\t<div class=\"elementor-widget-container\">\n\t\t\t\t\t<h6 class=\"elementor-heading-title elementor-size-default\">Bathing is always possible\n\n\n\n\n\n<\/h6>\t\t\t\t<\/div>\n\t\t\t\t<\/div>\n\t\t\t\t<div class=\"elementor-element elementor-element-60e0819 elementor-widget elementor-widget-text-editor\" data-id=\"60e0819\" data-element_type=\"widget\" data-e-type=\"widget\" data-widget_type=\"text-editor.default\">\n\t\t\t\t<div class=\"elementor-widget-container\">\n\t\t\t\t\t\t\t\t\tGuests who would like to swim in the lake during the winter season should register at reception, as we will have to clear the lake of ice for you if necessary.\n\n\t\t\t\t\t\t\t\t<\/div>\n\t\t\t\t<\/div>\n\t\t\t\t<\/div>\n\t\t\t\t\t<\/div>\n\t\t\t\t<\/div>\n\t\t<div class=\"elementor-element elementor-element-fc8be5d e-flex e-con-boxed e-con e-parent\" data-id=\"fc8be5d\" data-element_type=\"container\" data-e-type=\"container\">\n\t\t\t\t\t<div class=\"e-con-inner\">\n\t\t<div class=\"elementor-element elementor-element-2a09bd4 e-con-full e-flex e-con e-child\" data-id=\"2a09bd4\" data-element_type=\"container\" data-e-type=\"container\" data-settings=\"{&quot;background_background&quot;:&quot;classic&quot;}\">\n\t\t\t\t<div class=\"elementor-element elementor-element-4193012 elementor-widget elementor-widget-heading\" data-id=\"4193012\" data-element_type=\"widget\" data-e-type=\"widget\" data-widget_type=\"heading.default\">\n\t\t\t\t<div class=\"elementor-widget-container\">\n\t\t\t\t\t<h6 class=\"elementor-heading-title elementor-size-default\">Ideal for a training camp\n\n\n\n\n\n\n<\/h6>\t\t\t\t<\/div>\n\t\t\t\t<\/div>\n\t\t\t\t<div class=\"elementor-element elementor-element-987a05e elementor-widget elementor-widget-text-editor\" data-id=\"987a05e\" data-element_type=\"widget\" data-e-type=\"widget\" data-widget_type=\"text-editor.default\">\n\t\t\t\t<div class=\"elementor-widget-container\">\n\t\t\t\t\t\t\t\t\tThe swimming lake is not only suitable for ice swimmers, but also for swimmers who simply want to train and swim their laps. The forest is also ideal for jogging... for kilometres and at 800 m altitude.\nAnd because of the neighbouring forest and the quiet location of the hotel, triathletes will also find ideal conditions for a training camp. Swimming in the forest lake on the 25 metre lane - with or without wetsuit... or in the swimming pool in Altenberg 10 minutes away, running training in the surrounding forest area and road cycling or alternatively mountain biking can also start right on the doorstep.\t\t\t\t\t\t\t\t<\/div>\n\t\t\t\t<\/div>\n\t\t\t\t<\/div>\n\t\t<div class=\"elementor-element elementor-element-b3fc10d e-con-full e-flex e-con e-child\" data-id=\"b3fc10d\" data-element_type=\"container\" data-e-type=\"container\" data-settings=\"{&quot;background_background&quot;:&quot;classic&quot;}\">\n\t\t\t\t<div class=\"elementor-element elementor-element-8529015 elementor-widget elementor-widget-heading\" data-id=\"8529015\" data-element_type=\"widget\" data-e-type=\"widget\" data-widget_type=\"heading.default\">\n\t\t\t\t<div class=\"elementor-widget-container\">\n\t\t\t\t\t<h6 class=\"elementor-heading-title elementor-size-default\">Bath tubs can also be hired in summer\n\n\n\n\n\n\n<\/h6>\t\t\t\t<\/div>\n\t\t\t\t<\/div>\n\t\t\t\t<div class=\"elementor-element elementor-element-b233a30 elementor-widget elementor-widget-text-editor\" data-id=\"b233a30\" data-element_type=\"widget\" data-e-type=\"widget\" data-widget_type=\"text-editor.default\">\n\t\t\t\t<div class=\"elementor-widget-container\">\n\t\t\t\t\t\t\t\t\t<p>AND... we also have the ice swimming competition to thank for our other guest highlight... <span style=\"text-decoration: underline;\"><a href=\"\/en\/bath-tub\/\">the hot tub<\/a><\/span> with water heated to around 40 degrees. It is located halfway from the sauna to the lake and can provide an unforgettable nature experience... under a starry sky and moonlight at night...<br \/>The tub can accommodate up to 6 people - and if you are looking for peace and quiet in a very special environment, then this is just the thing for you.<\/p>\t\t\t\t\t\t\t\t<\/div>\n\t\t\t\t<\/div>\n\t\t\t\t<\/div>\n\t\t\t\t\t<\/div>\n\t\t\t\t<\/div>\n\t\t<div class=\"elementor-element elementor-element-40e967d e-flex e-con-boxed e-con e-parent\" data-id=\"40e967d\" data-element_type=\"container\" data-e-type=\"container\">\n\t\t\t\t\t<div class=\"e-con-inner\">\n\t\t\t\t<div class=\"elementor-element elementor-element-0bec4ee elementor-widget elementor-widget-heading\" data-id=\"0bec4ee\" data-element_type=\"widget\" data-e-type=\"widget\" data-widget_type=\"heading.default\">\n\t\t\t\t<div class=\"elementor-widget-container\">\n\t\t\t\t\t<h2 class=\"elementor-heading-title elementor-size-default\">And then to the wellness area...\n\n<\/h2>\t\t\t\t<\/div>\n\t\t\t\t<\/div>\n\t\t\t\t\t<\/div>\n\t\t\t\t<\/div>\n\t\t<div class=\"elementor-element elementor-element-7051988 e-flex e-con-boxed e-con e-parent\" data-id=\"7051988\" data-element_type=\"container\" data-e-type=\"container\">\n\t\t\t\t\t<div class=\"e-con-inner\">\n\t\t<div class=\"elementor-element elementor-element-0baf8b9 e-con-full e-flex e-con e-child\" data-id=\"0baf8b9\" data-element_type=\"container\" data-e-type=\"container\">\n\t\t\t\t<div class=\"elementor-element elementor-element-a553245 elementor-widget elementor-widget-image\" data-id=\"a553245\" data-element_type=\"widget\" data-e-type=\"widget\" data-widget_type=\"image.default\">\n\t\t\t\t<div class=\"elementor-widget-container\">\n\t\t\t\t\t\t\t\t\t\t\t\t\t\t\t<img decoding=\"async\" width=\"800\" height=\"559\" src=\"https:\/\/landhotel-altes-zollhaus.com\/wp-content\/uploads\/2024\/08\/Saunabereich-landscape-352363af2df123d9b37fff5adb229af2-600ede208692e-1024x716.jpg\" class=\"attachment-large size-large wp-image-4068\" alt=\"\" srcset=\"https:\/\/landhotel-altes-zollhaus.com\/wp-content\/uploads\/2024\/08\/Saunabereich-landscape-352363af2df123d9b37fff5adb229af2-600ede208692e-1024x716.jpg 1024w, https:\/\/landhotel-altes-zollhaus.com\/wp-content\/uploads\/2024\/08\/Saunabereich-landscape-352363af2df123d9b37fff5adb229af2-600ede208692e-300x210.jpg 300w, https:\/\/landhotel-altes-zollhaus.com\/wp-content\/uploads\/2024\/08\/Saunabereich-landscape-352363af2df123d9b37fff5adb229af2-600ede208692e-768x537.jpg 768w, https:\/\/landhotel-altes-zollhaus.com\/wp-content\/uploads\/2024\/08\/Saunabereich-landscape-352363af2df123d9b37fff5adb229af2-600ede208692e.jpg 1430w\" sizes=\"(max-width: 800px) 100vw, 800px\" \/>\t\t\t\t\t\t\t\t\t\t\t\t\t\t\t<\/div>\n\t\t\t\t<\/div>\n\t\t\t\t<\/div>\n\t\t<div class=\"elementor-element elementor-element-8d8717e e-con-full e-flex e-con e-child\" data-id=\"8d8717e\" data-element_type=\"container\" data-e-type=\"container\">\n\t\t\t\t<div class=\"elementor-element elementor-element-3dfd9bf elementor-widget elementor-widget-image\" data-id=\"3dfd9bf\" data-element_type=\"widget\" data-e-type=\"widget\" data-widget_type=\"image.default\">\n\t\t\t\t<div class=\"elementor-widget-container\">\n\t\t\t\t\t\t\t\t\t\t\t\t\t\t\t<img decoding=\"async\" width=\"800\" height=\"559\" src=\"https:\/\/landhotel-altes-zollhaus.com\/wp-content\/uploads\/2024\/08\/Dampfsauna_zum_relaxen54809ca7853d4-landscape-ede731075fbd3be7af61928c7fd41335-600ede40cf771-1024x716.jpg\" class=\"attachment-large size-large wp-image-4069\" alt=\"\" srcset=\"https:\/\/landhotel-altes-zollhaus.com\/wp-content\/uploads\/2024\/08\/Dampfsauna_zum_relaxen54809ca7853d4-landscape-ede731075fbd3be7af61928c7fd41335-600ede40cf771-1024x716.jpg 1024w, https:\/\/landhotel-altes-zollhaus.com\/wp-content\/uploads\/2024\/08\/Dampfsauna_zum_relaxen54809ca7853d4-landscape-ede731075fbd3be7af61928c7fd41335-600ede40cf771-300x210.jpg 300w, https:\/\/landhotel-altes-zollhaus.com\/wp-content\/uploads\/2024\/08\/Dampfsauna_zum_relaxen54809ca7853d4-landscape-ede731075fbd3be7af61928c7fd41335-600ede40cf771-768x537.jpg 768w, https:\/\/landhotel-altes-zollhaus.com\/wp-content\/uploads\/2024\/08\/Dampfsauna_zum_relaxen54809ca7853d4-landscape-ede731075fbd3be7af61928c7fd41335-600ede40cf771.jpg 1430w\" sizes=\"(max-width: 800px) 100vw, 800px\" \/>\t\t\t\t\t\t\t\t\t\t\t\t\t\t\t<\/div>\n\t\t\t\t<\/div>\n\t\t\t\t<\/div>\n\t\t\t\t\t<\/div>\n\t\t\t\t<\/div>\n\t\t<div class=\"elementor-element elementor-element-db70dda e-flex e-con-boxed e-con e-parent\" data-id=\"db70dda\" data-element_type=\"container\" data-e-type=\"container\">\n\t\t\t\t\t<div class=\"e-con-inner\">\n\t\t\t\t<div class=\"elementor-element elementor-element-f5ad67d elementor-widget elementor-widget-button\" data-id=\"f5ad67d\" data-element_type=\"widget\" data-e-type=\"widget\" data-widget_type=\"button.default\">\n\t\t\t\t<div class=\"elementor-widget-container\">\n\t\t\t\t\t\t\t\t\t<div class=\"elementor-button-wrapper\">\n\t\t\t\t\t<a class=\"elementor-button elementor-button-link elementor-size-sm\" href=\"\/en\/wellness-ore-mountains\/\">\n\t\t\t\t\t\t<span class=\"elementor-button-content-wrapper\">\n\t\t\t\t\t\t<span class=\"elementor-button-icon\">\n\t\t\t\t<svg aria-hidden=\"true\" class=\"e-font-icon-svg e-fas-long-arrow-alt-right\" viewbox=\"0 0 448 512\" xmlns=\"http:\/\/www.w3.org\/2000\/svg\"><path d=\"M313.941 216H12c-6.627 0-12 5.373-12 12v56c0 6.627 5.373 12 12 12h301.941v46.059c0 21.382 25.851 32.09 40.971 16.971l86.059-86.059c9.373-9.373 9.373-24.569 0-33.941l-86.059-86.059c-15.119-15.119-40.971-4.411-40.971 16.971V216z\"><\/path><\/svg>\t\t\t<\/span>\n\t\t\t\t\t\t\t\t\t<span class=\"elementor-button-text\">Click here for our wellness area<\/span>\n\t\t\t\t\t<\/span>\n\t\t\t\t\t<\/a>\n\t\t\t\t<\/div>\n\t\t\t\t\t\t\t\t<\/div>\n\t\t\t\t<\/div>\n\t\t\t\t\t<\/div>\n\t\t\t\t<\/div>\n\t\t\t\t<\/div>","protected":false},"excerpt":{"rendered":"<p>Unsere Badeseen Ein Wellnessaufenthalt f\u00fcr Ihre Seele Mittlerweile sind es 2 Badeseen. Sommer wie Winter haben schwimmbegeisterte G\u00e4ste nun die M\u00f6glichkeit, den Waldsee zu nutzen\u2026 w\u00e4hrend ihres Hotelaufenthalts zum Bahnen schwimmen, im Rahmen des Saunabesuches oder als Gruppe, um ein Schwimmtrainingslager durchzuf\u00fchren. Sie haben aber mehrere M\u00f6glichkeiten um zu baden, nur 2,5 Km von hier [&hellip;]<\/p>\n","protected":false},"author":5,"featured_media":0,"parent":0,"menu_order":0,"comment_status":"closed","ping_status":"closed","template":"","meta":{"_acf_changed":false,"footnotes":""},"class_list":["post-4065","page","type-page","status-publish","hentry"],"acf":[],"_links":{"self":[{"href":"https:\/\/landhotel-altes-zollhaus.com\/en\/wp-json\/wp\/v2\/pages\/4065","targetHints":{"allow":["GET"]}}],"collection":[{"href":"https:\/\/landhotel-altes-zollhaus.com\/en\/wp-json\/wp\/v2\/pages"}],"about":[{"href":"https:\/\/landhotel-altes-zollhaus.com\/en\/wp-json\/wp\/v2\/types\/page"}],"author":[{"embeddable":true,"href":"https:\/\/landhotel-altes-zollhaus.com\/en\/wp-json\/wp\/v2\/users\/5"}],"replies":[{"embeddable":true,"href":"https:\/\/landhotel-altes-zollhaus.com\/en\/wp-json\/wp\/v2\/comments?post=4065"}],"version-history":[{"count":0,"href":"https:\/\/landhotel-altes-zollhaus.com\/en\/wp-json\/wp\/v2\/pages\/4065\/revisions"}],"wp:attachment":[{"href":"https:\/\/landhotel-altes-zollhaus.com\/en\/wp-json\/wp\/v2\/media?parent=4065"}],"curies":[{"name":"wp","href":"https:\/\/api.w.org\/{rel}","templated":true}]}}