{"id":3907,"date":"2024-08-14T16:52:04","date_gmt":"2024-08-14T14:52:04","guid":{"rendered":"https:\/\/landhotel-altes-zollhaus.com\/?page_id=3907"},"modified":"2026-04-15T14:33:37","modified_gmt":"2026-04-15T12:33:37","slug":"ausflugsziele","status":"publish","type":"page","link":"https:\/\/landhotel-altes-zollhaus.com\/en\/ausflugsziele\/","title":{"rendered":"Ausflugsziele"},"content":{"rendered":"\t\t<div data-elementor-type=\"wp-page\" data-elementor-id=\"3907\" class=\"elementor elementor-3907\" data-elementor-post-type=\"page\">\n\t\t\t\t<div class=\"elementor-element elementor-element-76930ad e-con-full e-flex e-con e-parent\" data-id=\"76930ad\" data-element_type=\"container\" data-e-type=\"container\" data-settings=\"{&quot;background_background&quot;:&quot;classic&quot;}\">\n\t\t<div class=\"elementor-element elementor-element-2625231 e-flex e-con-boxed e-con e-child\" data-id=\"2625231\" data-element_type=\"container\" data-e-type=\"container\" data-settings=\"{&quot;animation&quot;:&quot;none&quot;}\">\n\t\t\t\t\t<div class=\"e-con-inner\">\n\t\t\t\t<div class=\"elementor-element elementor-element-4493642 elementor-widget__width-initial elementor-widget elementor-widget-heading\" data-id=\"4493642\" data-element_type=\"widget\" data-e-type=\"widget\" data-widget_type=\"heading.default\">\n\t\t\t\t<div class=\"elementor-widget-container\">\n\t\t\t\t\t<h1 class=\"elementor-heading-title elementor-size-default\">Ausflugsziele\n<\/h1>\t\t\t\t<\/div>\n\t\t\t\t<\/div>\n\t\t\t\t<div class=\"elementor-element elementor-element-880369d elementor-widget elementor-widget-text-editor\" data-id=\"880369d\" data-element_type=\"widget\" data-e-type=\"widget\" data-widget_type=\"text-editor.default\">\n\t\t\t\t<div class=\"elementor-widget-container\">\n\t\t\t\t\t\t\t\t\tFerien im Erzgebirge\n\t\t\t\t\t\t\t\t<\/div>\n\t\t\t\t<\/div>\n\t\t\t\t\t<\/div>\n\t\t\t\t<\/div>\n\t\t\t\t<\/div>\n\t\t<div class=\"elementor-element elementor-element-f91f2cb e-con-full e-flex e-con e-parent\" data-id=\"f91f2cb\" data-element_type=\"container\" data-e-type=\"container\" data-settings=\"{&quot;background_background&quot;:&quot;classic&quot;}\">\n\t\t<div class=\"elementor-element elementor-element-d63cfe1 e-con-full e-flex e-con e-child\" data-id=\"d63cfe1\" data-element_type=\"container\" data-e-type=\"container\">\n\t\t<div class=\"elementor-element elementor-element-2c2c420 e-con-full e-flex e-con e-child\" data-id=\"2c2c420\" data-element_type=\"container\" data-e-type=\"container\" data-settings=\"{&quot;background_background&quot;:&quot;classic&quot;}\">\n\t\t\t\t<div class=\"elementor-element elementor-element-471324c elementor-widget elementor-widget-text-editor\" data-id=\"471324c\" data-element_type=\"widget\" data-e-type=\"widget\" data-widget_type=\"text-editor.default\">\n\t\t\t\t<div class=\"elementor-widget-container\">\n\t\t\t\t\t\t\t\t\tViel Abwechslung zwischen Kultur und Natur\t\t\t\t\t\t\t\t<\/div>\n\t\t\t\t<\/div>\n\t\t\t\t<div class=\"elementor-element elementor-element-e461c23 elementor-widget elementor-widget-heading\" data-id=\"e461c23\" data-element_type=\"widget\" data-e-type=\"widget\" data-widget_type=\"heading.default\">\n\t\t\t\t<div class=\"elementor-widget-container\">\n\t\t\t\t\t<h4 class=\"elementor-heading-title elementor-size-default\">Ausflugziele vom Landhotel\n\n<\/h4>\t\t\t\t<\/div>\n\t\t\t\t<\/div>\n\t\t\t\t<div class=\"elementor-element elementor-element-4bfc110 elementor-widget elementor-widget-text-editor\" data-id=\"4bfc110\" data-element_type=\"widget\" data-e-type=\"widget\" data-widget_type=\"text-editor.default\">\n\t\t\t\t<div class=\"elementor-widget-container\">\n\t\t\t\t\t\t\t\t\t<p>Viele Ausflugsziele in n\u00e4herer Umgebung<br \/>Die Ausflugsziele: vom Landhotel Altes Zollhaus aus ist es nicht weit zu interessanten Sehensw\u00fcrdigkeiten, Entdecken Sie bei uns und mit uns das Umland.<\/p><p>Wir bieten den idealen Ausgangspunkt f\u00fcr Ausfl\u00fcge in die n\u00e4here Umgebung des Erzgebirges. Die vielen Sehensw\u00fcrdigkeiten des Erzgebirges sind gut erreichbar.<\/p><p>Besonders empfehlenswert sind auch Tagesausfl\u00fcge nach Dresden<br \/>(39 km), in die S\u00e4chsische Schweiz (40 km) oder in das benachbarte Tschechien. Dort erwarten Sie u. a. die \u201eGoldene Stadt\u201c Prag (100 km) und das bekannte 3-B\u00e4der-Eck (Karlsbad \u2013 Franzensbad \u2013 Marienbad).<\/p>\t\t\t\t\t\t\t\t<\/div>\n\t\t\t\t<\/div>\n\t\t\t\t<\/div>\n\t\t<div class=\"elementor-element elementor-element-3aa8492 e-con-full e-flex e-con e-child\" data-id=\"3aa8492\" data-element_type=\"container\" data-e-type=\"container\" data-settings=\"{&quot;background_background&quot;:&quot;classic&quot;}\">\n\t\t\t\t<div class=\"elementor-element elementor-element-e2aef32 elementor-widget elementor-widget-image\" data-id=\"e2aef32\" data-element_type=\"widget\" data-e-type=\"widget\" data-widget_type=\"image.default\">\n\t\t\t\t<div class=\"elementor-widget-container\">\n\t\t\t\t\t\t\t\t\t\t\t\t\t\t\t<img fetchpriority=\"high\" decoding=\"async\" width=\"1024\" height=\"681\" src=\"https:\/\/landhotel-altes-zollhaus.com\/wp-content\/uploads\/2024\/08\/Karlsbad.jpg\" class=\"attachment-full size-full wp-image-3909\" alt=\"\" srcset=\"https:\/\/landhotel-altes-zollhaus.com\/wp-content\/uploads\/2024\/08\/Karlsbad.jpg 1024w, https:\/\/landhotel-altes-zollhaus.com\/wp-content\/uploads\/2024\/08\/Karlsbad-300x200.jpg 300w, https:\/\/landhotel-altes-zollhaus.com\/wp-content\/uploads\/2024\/08\/Karlsbad-768x511.jpg 768w\" sizes=\"(max-width: 1024px) 100vw, 1024px\" \/>\t\t\t\t\t\t\t\t\t\t\t\t\t\t\t<\/div>\n\t\t\t\t<\/div>\n\t\t\t\t<\/div>\n\t\t\t\t<\/div>\n\t\t\t\t<\/div>\n\t\t<div class=\"elementor-element elementor-element-d4a2a69 e-flex e-con-boxed e-con e-parent\" data-id=\"d4a2a69\" data-element_type=\"container\" data-e-type=\"container\">\n\t\t\t\t\t<div class=\"e-con-inner\">\n\t\t\t\t<div class=\"elementor-element elementor-element-e97b587 elementor-widget elementor-widget-heading\" data-id=\"e97b587\" data-element_type=\"widget\" data-e-type=\"widget\" data-widget_type=\"heading.default\">\n\t\t\t\t<div class=\"elementor-widget-container\">\n\t\t\t\t\t<h2 class=\"elementor-heading-title elementor-size-default\">Unsere Highlights in der Umgebung\n\n<\/h2>\t\t\t\t<\/div>\n\t\t\t\t<\/div>\n\t\t\t\t\t<\/div>\n\t\t\t\t<\/div>\n\t\t<div class=\"elementor-element elementor-element-ff3b67d e-flex e-con-boxed e-con e-parent\" data-id=\"ff3b67d\" data-element_type=\"container\" data-e-type=\"container\">\n\t\t\t\t\t<div class=\"e-con-inner\">\n\t\t<div class=\"elementor-element elementor-element-5283a6a e-con-full e-flex e-con e-child\" data-id=\"5283a6a\" data-element_type=\"container\" data-e-type=\"container\">\n\t\t\t\t<div class=\"elementor-element elementor-element-042cf95 elementor-widget elementor-widget-text-editor\" data-id=\"042cf95\" data-element_type=\"widget\" data-e-type=\"widget\" data-widget_type=\"text-editor.default\">\n\t\t\t\t<div class=\"elementor-widget-container\">\n\t\t\t\t\t\t\t\t\t<p>Nur 39 Km vom Zollhaus entfernt<\/p>\t\t\t\t\t\t\t\t<\/div>\n\t\t\t\t<\/div>\n\t\t\t\t<div class=\"elementor-element elementor-element-4130662 elementor-widget elementor-widget-heading\" data-id=\"4130662\" data-element_type=\"widget\" data-e-type=\"widget\" data-widget_type=\"heading.default\">\n\t\t\t\t<div class=\"elementor-widget-container\">\n\t\t\t\t\t<h4 class=\"elementor-heading-title elementor-size-default\">Dresden<\/h4>\t\t\t\t<\/div>\n\t\t\t\t<\/div>\n\t\t\t\t<div class=\"elementor-element elementor-element-a298b5c elementor-widget elementor-widget-text-editor\" data-id=\"a298b5c\" data-element_type=\"widget\" data-e-type=\"widget\" data-widget_type=\"text-editor.default\">\n\t\t\t\t<div class=\"elementor-widget-container\">\n\t\t\t\t\t\t\t\t\tF\u00fcr die Verschnaufpause danach l\u00e4dt unsere bunte Mosaikbank ein, die als erstes Objekt des entstehenden ganzj\u00e4hrigen SkulpturenParks in den Bereich der Sommerterrasse integriert ist. Und w\u00e4hrend Sie in aller Ruhe ihren Kaffee oder ein erfrischendes Getr\u00e4nk dort genie\u00dfen, k\u00f6nnen die Kinder schon wieder in Sichtweite auf der Wiese spielen.\n\n<strong>Mosaikbank bauen<\/strong>\nWenn sie bei unserem Projekt &#8222;Wir bauen eine Mosaikbank&#8220; mitmachen wollen, ist Frau Sigrun Bischhoff-Kaufmann Ihre Ansprechparatnerin. Bitte schreiben Sie uns dazu einfach eine Mail.\t\t\t\t\t\t\t\t<\/div>\n\t\t\t\t<\/div>\n\t\t\t\t<\/div>\n\t\t<div class=\"elementor-element elementor-element-7d72a93 e-con-full e-flex e-con e-child\" data-id=\"7d72a93\" data-element_type=\"container\" data-e-type=\"container\" data-settings=\"{&quot;background_background&quot;:&quot;classic&quot;}\">\n\t\t\t\t<div class=\"elementor-element elementor-element-5d45230 elementor-widget elementor-widget-image\" data-id=\"5d45230\" data-element_type=\"widget\" data-e-type=\"widget\" data-widget_type=\"image.default\">\n\t\t\t\t<div class=\"elementor-widget-container\">\n\t\t\t\t\t\t\t\t\t\t\t\t\t\t\t\t<a href=\"https:\/\/landhotel-altes-zollhaus.com\/wp-content\/uploads\/2024\/08\/kunst-mit-kindern.jpg\" data-elementor-open-lightbox=\"yes\" data-elementor-lightbox-title=\"kunst-mit-kindern\" data-e-action-hash=\"#elementor-action%3Aaction%3Dlightbox%26settings%3DeyJpZCI6NDQ1OCwidXJsIjoiaHR0cHM6XC9cL2xhbmRob3RlbC1hbHRlcy16b2xsaGF1cy5jb21cL3dwLWNvbnRlbnRcL3VwbG9hZHNcLzIwMjRcLzA4XC9rdW5zdC1taXQta2luZGVybi5qcGcifQ%3D%3D\">\n\t\t\t\t\t\t\t<img decoding=\"async\" width=\"800\" height=\"600\" src=\"https:\/\/landhotel-altes-zollhaus.com\/wp-content\/uploads\/2024\/08\/kunst-mit-kindern-1024x768.jpg\" class=\"attachment-large size-large wp-image-4458\" alt=\"\" srcset=\"https:\/\/landhotel-altes-zollhaus.com\/wp-content\/uploads\/2024\/08\/kunst-mit-kindern-1024x768.jpg 1024w, https:\/\/landhotel-altes-zollhaus.com\/wp-content\/uploads\/2024\/08\/kunst-mit-kindern-300x225.jpg 300w, https:\/\/landhotel-altes-zollhaus.com\/wp-content\/uploads\/2024\/08\/kunst-mit-kindern-768x576.jpg 768w, https:\/\/landhotel-altes-zollhaus.com\/wp-content\/uploads\/2024\/08\/kunst-mit-kindern-1536x1152.jpg 1536w, https:\/\/landhotel-altes-zollhaus.com\/wp-content\/uploads\/2024\/08\/kunst-mit-kindern.jpg 1600w\" sizes=\"(max-width: 800px) 100vw, 800px\" \/>\t\t\t\t\t\t\t\t<\/a>\n\t\t\t\t\t\t\t\t\t\t\t\t\t\t\t<\/div>\n\t\t\t\t<\/div>\n\t\t\t\t<\/div>\n\t\t\t\t\t<\/div>\n\t\t\t\t<\/div>\n\t\t<div class=\"elementor-element elementor-element-c407ee2 e-flex e-con-boxed e-con e-parent\" data-id=\"c407ee2\" data-element_type=\"container\" data-e-type=\"container\" id=\"reservierung\">\n\t\t\t\t\t<div class=\"e-con-inner\">\n\t\t\t\t<div class=\"elementor-element elementor-element-44e3c2a elementor-widget elementor-widget-heading\" data-id=\"44e3c2a\" data-element_type=\"widget\" data-e-type=\"widget\" data-widget_type=\"heading.default\">\n\t\t\t\t<div class=\"elementor-widget-container\">\n\t\t\t\t\t<h2 class=\"elementor-heading-title elementor-size-default\">Dresden<\/h2>\t\t\t\t<\/div>\n\t\t\t\t<\/div>\n\t\t\t\t<div class=\"elementor-element elementor-element-e8b8a2d elementor-widget elementor-widget-text-editor\" data-id=\"e8b8a2d\" data-element_type=\"widget\" data-e-type=\"widget\" data-widget_type=\"text-editor.default\">\n\t\t\t\t<div class=\"elementor-widget-container\">\n\t\t\t\t\t\t\t\t\t<p>Nur 39 Km vom Zollhaus entfernt<\/p>\t\t\t\t\t\t\t\t<\/div>\n\t\t\t\t<\/div>\n\t\t\t\t<div class=\"elementor-element elementor-element-68d1179 elementor-widget elementor-widget-image\" data-id=\"68d1179\" data-element_type=\"widget\" data-e-type=\"widget\" data-widget_type=\"image.default\">\n\t\t\t\t<div class=\"elementor-widget-container\">\n\t\t\t\t\t\t\t\t\t\t\t\t\t\t\t<img decoding=\"async\" width=\"1024\" height=\"683\" src=\"https:\/\/landhotel-altes-zollhaus.com\/wp-content\/uploads\/2024\/08\/Dresden.jpg\" class=\"attachment-full size-full wp-image-3918\" alt=\"\" srcset=\"https:\/\/landhotel-altes-zollhaus.com\/wp-content\/uploads\/2024\/08\/Dresden.jpg 1024w, https:\/\/landhotel-altes-zollhaus.com\/wp-content\/uploads\/2024\/08\/Dresden-300x200.jpg 300w, https:\/\/landhotel-altes-zollhaus.com\/wp-content\/uploads\/2024\/08\/Dresden-768x512.jpg 768w\" sizes=\"(max-width: 1024px) 100vw, 1024px\" \/>\t\t\t\t\t\t\t\t\t\t\t\t\t\t\t<\/div>\n\t\t\t\t<\/div>\n\t\t\t\t<div class=\"elementor-element elementor-element-6ba10ea elementor-widget elementor-widget-text-editor\" data-id=\"6ba10ea\" data-element_type=\"widget\" data-e-type=\"widget\" data-widget_type=\"text-editor.default\">\n\t\t\t\t<div class=\"elementor-widget-container\">\n\t\t\t\t\t\t\t\t\t<p>Dresden \u2013 ganz sicher einen Besuch wert!<br \/>Touristeninformationen unter: Dresden Info!<\/p><p>Dresden ist die Landeshauptstadt des Freistaates Sachsen. Mit 536.108 Einwohnern ist Dresden nach Leipzig die zweitbev\u00f6lkerungsreichste s\u00e4chsische Stadt und die zw\u00f6lftst\u00e4rkste Kommune Deutschlands. Wikipedia<\/p><p>Kulturelles Erbe<br \/>Ein Wahrzeichen der Stadt ist die Frauenkirche. Nach der Zerst\u00f6rung Dresdens am 13.\/14. Februar 1945 standen nur zwei Seitenmauern um ihren Tr\u00fcmmerberg. Ihre St\u00e4tte wird seither als Mahnmal des Krieges wahrgenommen, insbesondere beim allj\u00e4hrlichen Gedenken an den 13. Februar 1945. Seit dem 2005 beendeten Wiederaufbau versteht sich die Frauenkirche zudem als \u201eweltweites Symbol f\u00fcr Frieden und Vers\u00f6hnung\u201c.[68] In den ersten zweieinhalb Jahren nach der Neuer\u00f6ffnung wurde sie von f\u00fcnf Millionen Menschen besucht.<\/p><p>Kulturelle Wahrzeichen der Stadt sind die Semperoper und der Zwinger. Die Semperoper wurde von 1977 bis 1985 nach Originalpl\u00e4nen des zweiten Opernbaus (1878 bis 1945) von Gottfried Semper wieder errichtet. Sie ist ein Bauwerk des Historismus und tr\u00e4gt vor allem Elemente des Klassizismus. Mit Ausnahme der von 1847 bis 1854 errichteten Sempergalerie wurde der Zwinger von 1711 bis 1728 im barocken Baustil als Ort f\u00fcr k\u00f6niglichen Feste sowie Kunstausstellungen auf einer ehemaligen Bastion der Stadtfestung errichtet. Auf der S\u00fcdseite blieben dabei die Reste der Stadtmauer erhalten. Hier steht das Kronentor, das der k\u00f6niglichen Krone nachempfunden ist. Als eines der ersten Geb\u00e4ude wurde es nach dem Zweiten Weltkrieg wiederaufgebaut und restauriert.<\/p><p>Hier die 10 Sehensw\u00fcrdigkeiten geordnet nach der Beliebtheit laut Tripadvisor<br \/>-Zwinger<br \/>-Gem\u00e4ldegalerie Alte Meister<br \/>-Gr\u00fcnes Gew\u00f6lbe<br \/>-Semperoper<br \/>-F\u00fcrstenzug<br \/>-Br\u00fchlsche Terrasse<br \/>-Elbufer Dresden<br \/>-Pillnitz<br \/>-Residenzschloss<br \/>-Asisi Panometer Dresden<\/p><p>In den einzelnen Ordnern finden Sie Detail-Infos zu den wichtigsten Sehensw\u00fcrdigkeiten in Dresden.<\/p>\t\t\t\t\t\t\t\t<\/div>\n\t\t\t\t<\/div>\n\t\t\t\t\t<\/div>\n\t\t\t\t<\/div>\n\t\t\t\t<\/div>\n\t\t","protected":false},"excerpt":{"rendered":"<p>Ausflugsziele Ferien im Erzgebirge Viel Abwechslung zwischen Kultur und Natur Ausflugziele vom Landhotel Viele Ausflugsziele in n\u00e4herer UmgebungDie Ausflugsziele: vom Landhotel Altes Zollhaus aus ist es nicht weit zu interessanten Sehensw\u00fcrdigkeiten, Entdecken Sie bei uns und mit uns das Umland. Wir bieten den idealen Ausgangspunkt f\u00fcr Ausfl\u00fcge in die n\u00e4here Umgebung des Erzgebirges. Die vielen [&hellip;]<\/p>\n","protected":false},"author":5,"featured_media":0,"parent":0,"menu_order":0,"comment_status":"closed","ping_status":"closed","template":"","meta":{"_acf_changed":false,"footnotes":""},"class_list":["post-3907","page","type-page","status-publish","hentry"],"acf":[],"_links":{"self":[{"href":"https:\/\/landhotel-altes-zollhaus.com\/en\/wp-json\/wp\/v2\/pages\/3907","targetHints":{"allow":["GET"]}}],"collection":[{"href":"https:\/\/landhotel-altes-zollhaus.com\/en\/wp-json\/wp\/v2\/pages"}],"about":[{"href":"https:\/\/landhotel-altes-zollhaus.com\/en\/wp-json\/wp\/v2\/types\/page"}],"author":[{"embeddable":true,"href":"https:\/\/landhotel-altes-zollhaus.com\/en\/wp-json\/wp\/v2\/users\/5"}],"replies":[{"embeddable":true,"href":"https:\/\/landhotel-altes-zollhaus.com\/en\/wp-json\/wp\/v2\/comments?post=3907"}],"version-history":[{"count":1,"href":"https:\/\/landhotel-altes-zollhaus.com\/en\/wp-json\/wp\/v2\/pages\/3907\/revisions"}],"predecessor-version":[{"id":9266,"href":"https:\/\/landhotel-altes-zollhaus.com\/en\/wp-json\/wp\/v2\/pages\/3907\/revisions\/9266"}],"wp:attachment":[{"href":"https:\/\/landhotel-altes-zollhaus.com\/en\/wp-json\/wp\/v2\/media?parent=3907"}],"curies":[{"name":"wp","href":"https:\/\/api.w.org\/{rel}","templated":true}]}}