{"id":3546,"date":"2024-07-07T18:45:57","date_gmt":"2024-07-07T16:45:57","guid":{"rendered":"https:\/\/landhotel-altes-zollhaus.com\/?page_id=3546"},"modified":"2025-02-03T16:41:03","modified_gmt":"2025-02-03T15:41:03","slug":"imprint","status":"publish","type":"page","link":"https:\/\/landhotel-altes-zollhaus.com\/en\/impressum\/","title":{"rendered":"Imprint"},"content":{"rendered":"<div data-elementor-type=\"wp-page\" data-elementor-id=\"3546\" class=\"elementor elementor-3546\" data-elementor-post-type=\"page\">\n\t\t\t\t<div class=\"elementor-element elementor-element-1ff9e20 e-flex e-con-boxed e-con e-parent\" data-id=\"1ff9e20\" data-element_type=\"container\" data-e-type=\"container\">\n\t\t\t\t\t<div class=\"e-con-inner\">\n\t\t\t\t<div class=\"elementor-element elementor-element-72010e8 elementor-widget elementor-widget-heading\" data-id=\"72010e8\" data-element_type=\"widget\" data-e-type=\"widget\" data-widget_type=\"heading.default\">\n\t\t\t\t<div class=\"elementor-widget-container\">\n\t\t\t\t\t<h1 class=\"elementor-heading-title elementor-size-default\">Imprint\n<\/h1>\t\t\t\t<\/div>\n\t\t\t\t<\/div>\n\t\t\t\t<div class=\"elementor-element elementor-element-241e4e4 elementor-widget elementor-widget-text-editor\" data-id=\"241e4e4\" data-element_type=\"widget\" data-e-type=\"widget\" data-widget_type=\"text-editor.default\">\n\t\t\t\t<div class=\"elementor-widget-container\">\n\t\t\t\t\t\t\t\t\t<p>Hotel Zollhaus Betriebs-GmbH<br \/>Altenberger Strasse 7<br \/>01776 Hermsdorf \/ Ore Mountains<br \/>Phone: +49 (0)35057\/54-0<br \/>Fax: +49 (0)35057\/54-240<\/p><p>E-mail: info@hotel-zollhaus.com<br \/>Homepage: www.landhotel-altes-zollhaus.com<br \/>Commercial register: UstID: DE265512414<br \/>Managing Director: Gerrit Curcio<\/p><p><strong>Reference to EU dispute resolution pursuant to Art.14 para.1 ODR-VO<\/strong><br \/>The European Commission provides a platform for online dispute resolution (OS):<br \/><a href=\"http:\/\/ec.europa.eu\/consumers\/odr\" target=\"_blank\" rel=\"noopener\">http:\/\/ec.europa.eu\/consumers\/odr<\/a><br \/>You can find our e-mail address in the imprint above.<\/p><p>Creation of the website: <a href=\"https:\/\/fastwp.de\" target=\"_blank\" rel=\"noopener\">fastWP WordPress Agency<\/a><\/p><p><strong>Liability for content<\/strong><\/p><p>As a service provider, we are responsible for our own content on these pages in accordance with Section 7 (1) TMG (German Telemedia Act) and general legislation. According to \u00a7\u00a7 8 to 10 TMG, however, we as a service provider are not obliged to monitor transmitted or stored third-party information or to investigate circumstances that indicate illegal activity. Obligations to remove or block the use of information in accordance with general legislation remain unaffected by this. However, liability in this respect is only possible from the time of knowledge of a specific infringement. As soon as we become aware of such infringements, we will remove this content immediately.<\/p><p><strong>Liability for links<\/strong><\/p><p>Our website contains links to external third-party websites over whose content we have no influence. Therefore, we cannot accept any liability for this third-party content. The respective provider or operator of the pages is always responsible for the content of the linked pages. The linked pages were checked for possible legal violations at the time of linking. Illegal contents were not recognisable at the time of linking. However, permanent monitoring of the content of the linked pages is not reasonable without concrete evidence of an infringement. If we become aware of any legal infringements, we will remove such links immediately.<\/p><p><strong>Copyright<\/strong><\/p><p>The content and works created by the site operators on these pages are subject to German copyright law. Duplication, processing, distribution and any kind of utilisation outside the limits of copyright law require the written consent of the respective author or creator. Downloads and copies of this site are only permitted for private, non-commercial use. Insofar as the content on this site was not created by the operator, the copyrights of third parties are respected. In particular, third-party content is labelled as such. Should you nevertheless become aware of a copyright infringement, please inform us accordingly. If we become aware of any legal infringements, we will notify the relevant authorities.<\/p>\t\t\t\t\t\t\t\t<\/div>\n\t\t\t\t<\/div>\n\t\t\t\t\t<\/div>\n\t\t\t\t<\/div>\n\t\t\t\t<\/div>","protected":false},"excerpt":{"rendered":"<p>Impressum Hotel Zollhaus Betriebs-GmbHAltenberger Strasse 701776 Hermsdorf \/ ErzgebirgeTelefon: +49 (0)35057\/54-0Telefax: +49 (0)35057\/54-240 E-Mail: info@hotel-zollhaus.comHomepage: www.landhotel-altes-zollhaus.comHandelsregister: UstID: DE265512414Gesch\u00e4ftsf\u00fchrer: Gerrit Curcio Hinweis auf EU-Streitschlichtung gem\u00e4\u00df Art.14 Abs.1 ODR-VODie Europ\u00e4ische Kommission stellt eine Plattform zur Online-Streitbeilegung (OS) bereit:http:\/\/ec.europa.eu\/consumers\/odrUnsere E-Mail-Adresse finden sie oben im Impressum. Erstellung der Webseite: fastWP WordPress Agentur Haftung f\u00fcr Inhalte Als Diensteanbieter sind wir [&hellip;]<\/p>\n","protected":false},"author":5,"featured_media":0,"parent":0,"menu_order":0,"comment_status":"closed","ping_status":"closed","template":"","meta":{"_acf_changed":false,"footnotes":""},"class_list":["post-3546","page","type-page","status-publish","hentry"],"acf":[],"_links":{"self":[{"href":"https:\/\/landhotel-altes-zollhaus.com\/en\/wp-json\/wp\/v2\/pages\/3546","targetHints":{"allow":["GET"]}}],"collection":[{"href":"https:\/\/landhotel-altes-zollhaus.com\/en\/wp-json\/wp\/v2\/pages"}],"about":[{"href":"https:\/\/landhotel-altes-zollhaus.com\/en\/wp-json\/wp\/v2\/types\/page"}],"author":[{"embeddable":true,"href":"https:\/\/landhotel-altes-zollhaus.com\/en\/wp-json\/wp\/v2\/users\/5"}],"replies":[{"embeddable":true,"href":"https:\/\/landhotel-altes-zollhaus.com\/en\/wp-json\/wp\/v2\/comments?post=3546"}],"version-history":[{"count":0,"href":"https:\/\/landhotel-altes-zollhaus.com\/en\/wp-json\/wp\/v2\/pages\/3546\/revisions"}],"wp:attachment":[{"href":"https:\/\/landhotel-altes-zollhaus.com\/en\/wp-json\/wp\/v2\/media?parent=3546"}],"curies":[{"name":"wp","href":"https:\/\/api.w.org\/{rel}","templated":true}]}}